{"id":30544,"date":"2026-04-26T20:54:03","date_gmt":"2026-04-26T20:54:03","guid":{"rendered":"https:\/\/oladeco.sn\/index.php\/product\/ensemble-salle-de-bain-en-ceramique-gorgy\/"},"modified":"2026-04-26T21:02:44","modified_gmt":"2026-04-26T21:02:44","slug":"ensemble-salle-de-bain-en-ceramique-gorgy","status":"publish","type":"product","link":"https:\/\/oladeco.sn\/index.php\/product\/ensemble-salle-de-bain-en-ceramique-gorgy\/","title":{"rendered":"Ensemble salle de bain en c\u00e9ramique gorgy"},"content":{"rendered":"<p><span>un<\/span><span><span class=\"Apple-converted-space\">&nbsp;<\/span><\/span><mark class=\"HxTRcb\" data-sfc-root=\"c\" data-sfc-cb=\"\">ensemble coordonn\u00e9 d&rsquo;accessoires fonctionnels et d\u00e9coratifs (distributeur de savon, porte-brosse \u00e0 dents, porte-savon, gobelet et brosse de toilette con\u00e7u pour harmoniser le lavabo et optimiser l&rsquo;espace<\/mark><\/p>\n<p>Mati\u00e8re: C\u00e9ramique<\/p>\n<p>Couleur: Noir et motif dor\u00e9<\/p>\n","protected":false},"excerpt":{"rendered":"<p>un&nbsp;ensemble coordonn\u00e9 d&rsquo;accessoires fonctionnels et d\u00e9coratifs (distributeur de savon, porte-brosse \u00e0 dents, porte-savon, gobelet et brosse de toilette con\u00e7u pour<\/p>\n","protected":false},"featured_media":30540,"template":"","meta":[],"product_brand":[],"product_cat":[108],"product_tag":[],"class_list":{"0":"post-30544","1":"product","2":"type-product","3":"status-publish","4":"has-post-thumbnail","6":"product_cat-accessoires","8":"first","9":"instock","10":"shipping-taxable","11":"purchasable","12":"product-type-simple"},"_links":{"self":[{"href":"https:\/\/oladeco.sn\/index.php\/wp-json\/wp\/v2\/product\/30544","targetHints":{"allow":["GET"]}}],"collection":[{"href":"https:\/\/oladeco.sn\/index.php\/wp-json\/wp\/v2\/product"}],"about":[{"href":"https:\/\/oladeco.sn\/index.php\/wp-json\/wp\/v2\/types\/product"}],"version-history":[{"count":1,"href":"https:\/\/oladeco.sn\/index.php\/wp-json\/wp\/v2\/product\/30544\/revisions"}],"predecessor-version":[{"id":30545,"href":"https:\/\/oladeco.sn\/index.php\/wp-json\/wp\/v2\/product\/30544\/revisions\/30545"}],"wp:featuredmedia":[{"embeddable":true,"href":"https:\/\/oladeco.sn\/index.php\/wp-json\/wp\/v2\/media\/30540"}],"wp:attachment":[{"href":"https:\/\/oladeco.sn\/index.php\/wp-json\/wp\/v2\/media?parent=30544"}],"wp:term":[{"taxonomy":"product_brand","embeddable":true,"href":"https:\/\/oladeco.sn\/index.php\/wp-json\/wp\/v2\/product_brand?post=30544"},{"taxonomy":"product_cat","embeddable":true,"href":"https:\/\/oladeco.sn\/index.php\/wp-json\/wp\/v2\/product_cat?post=30544"},{"taxonomy":"product_tag","embeddable":true,"href":"https:\/\/oladeco.sn\/index.php\/wp-json\/wp\/v2\/product_tag?post=30544"}],"curies":[{"name":"wp","href":"https:\/\/api.w.org\/{rel}","templated":true}]}}