{"id":30537,"date":"2026-04-26T20:46:23","date_gmt":"2026-04-26T20:46:23","guid":{"rendered":"https:\/\/oladeco.sn\/index.php\/product\/ensemble-couverture-saumon-soley\/"},"modified":"2026-04-26T20:46:26","modified_gmt":"2026-04-26T20:46:26","slug":"ensemble-couverture-saumon-soley","status":"publish","type":"product","link":"https:\/\/oladeco.sn\/index.php\/product\/ensemble-couverture-saumon-soley\/","title":{"rendered":"Ensemble couverture Saumon Soley"},"content":{"rendered":"<p>Ensemble couverture Soley Saumon clair<\/p>\n<p>Mati\u00e8re: velours<\/p>\n<p>Couleur: Saumon<\/p>\n<p><span>Elle retient jusqu&rsquo;\u00e0 90 % de la chaleur corporelle en r\u00e9fl\u00e9chissant les infrarouges, prot\u00e9geant contre l&rsquo;hypothermie, le froid, et le vent<\/span><span class=\"uJ19be notranslate\" data-sfc-root=\"c\" data-wiz-uids=\"XTWBKd_e,XTWBKd_f\" data-sfc-cb=\"\" data-processed=\"true\"><span class=\"vKEkVd\" data-animation-atomic=\"\" data-wiz-attrbind=\"class=XTWBKd_d\/TKHnVd\" data-processed=\"true\" style=\"position: relative;white-space: nowrap;--btn-bg-color: var(--aYn2S);--btn-bg-color-hover: var(--Lm570b);--attr-text-color: var(--IXoxUe);--attr-link-color: var(--YLNNHc);--DEeStf: #2c2e35;--TSWZIb: #363840;--BRLwE: #42444d;--xhUGwc: #22242a;--XKMDxc: #2c2e35;--aYn2S: #363840;--Lm570b: #42444d;--CwQ7J: #17181f;--jINu6c: #e6e8f0;--uLz37c: #adafb8;--YLNNHc: #e6e8f0;--IXoxUe: #adafb8;--bbQxAb: #e6e8f0;--TMYS9: #e6e8f0;--mXZkqc: #363840;--gS5jXb: #363840;--amnPwe: #adafb8;--Nsm0ce: #0b50d0;--EpFNW: #fff;--jwFC2e: #223a94;--XPCkhb: #90e58c;--baJkQc: #ff878f\"><span aria-hidden=\"true\" data-processed=\"true\">&nbsp;&#8230;<\/span><\/span><\/span><\/p>\n","protected":false},"excerpt":{"rendered":"<p>Ensemble couverture Soley Saumon clair Mati\u00e8re: velours Couleur: Saumon Elle retient jusqu&rsquo;\u00e0 90 % de la chaleur corporelle en r\u00e9fl\u00e9chissant<\/p>\n","protected":false},"featured_media":30536,"template":"","meta":[],"product_brand":[],"product_cat":[80],"product_tag":[],"class_list":{"0":"post-30537","1":"product","2":"type-product","3":"status-publish","4":"has-post-thumbnail","6":"product_cat-linge-de-maison","8":"first","9":"instock","10":"shipping-taxable","11":"purchasable","12":"product-type-simple"},"_links":{"self":[{"href":"https:\/\/oladeco.sn\/index.php\/wp-json\/wp\/v2\/product\/30537","targetHints":{"allow":["GET"]}}],"collection":[{"href":"https:\/\/oladeco.sn\/index.php\/wp-json\/wp\/v2\/product"}],"about":[{"href":"https:\/\/oladeco.sn\/index.php\/wp-json\/wp\/v2\/types\/product"}],"version-history":[{"count":0,"href":"https:\/\/oladeco.sn\/index.php\/wp-json\/wp\/v2\/product\/30537\/revisions"}],"wp:featuredmedia":[{"embeddable":true,"href":"https:\/\/oladeco.sn\/index.php\/wp-json\/wp\/v2\/media\/30536"}],"wp:attachment":[{"href":"https:\/\/oladeco.sn\/index.php\/wp-json\/wp\/v2\/media?parent=30537"}],"wp:term":[{"taxonomy":"product_brand","embeddable":true,"href":"https:\/\/oladeco.sn\/index.php\/wp-json\/wp\/v2\/product_brand?post=30537"},{"taxonomy":"product_cat","embeddable":true,"href":"https:\/\/oladeco.sn\/index.php\/wp-json\/wp\/v2\/product_cat?post=30537"},{"taxonomy":"product_tag","embeddable":true,"href":"https:\/\/oladeco.sn\/index.php\/wp-json\/wp\/v2\/product_tag?post=30537"}],"curies":[{"name":"wp","href":"https:\/\/api.w.org\/{rel}","templated":true}]}}