{"id":30516,"date":"2026-04-26T04:03:04","date_gmt":"2026-04-26T04:03:04","guid":{"rendered":"https:\/\/oladeco.sn\/index.php\/product\/tasse-mug-chaton\/"},"modified":"2026-04-26T04:03:06","modified_gmt":"2026-04-26T04:03:06","slug":"tasse-mug-chaton","status":"publish","type":"product","link":"https:\/\/oladeco.sn\/index.php\/product\/tasse-mug-chaton\/","title":{"rendered":"Tasse Mug Chaton"},"content":{"rendered":"<p><mark class=\"HxTRcb\" data-sfc-root=\"c\" data-sfc-cb=\"\" data-processed=\"true\">Une grande tasse cylindrique, g\u00e9n\u00e9ralement haute et robuste, munie d&rsquo;une anse<span aria-hidden=\"true\" data-processed=\"true\"><span class=\"vKEkVd\" data-animation-atomic=\"\" data-wiz-attrbind=\"class=WC7ODb_o\/TKHnVd\" data-processed=\"true\" style=\"position: relative;white-space: nowrap;--btn-bg-color: var(--aYn2S);--btn-bg-color-hover: var(--Lm570b);--attr-text-color: var(--IXoxUe);--attr-link-color: var(--YLNNHc);--DEeStf: #2c2e35;--TSWZIb: #363840;--BRLwE: #42444d;--xhUGwc: #22242a;--XKMDxc: #2c2e35;--aYn2S: #363840;--Lm570b: #42444d;--CwQ7J: #17181f;--jINu6c: #e6e8f0;--uLz37c: #adafb8;--YLNNHc: #e6e8f0;--IXoxUe: #adafb8;--bbQxAb: #e6e8f0;--TMYS9: #e6e8f0;--mXZkqc: #363840;--gS5jXb: #363840;--amnPwe: #adafb8;--Nsm0ce: #0b50d0;--EpFNW: #fff;--jwFC2e: #223a94;--XPCkhb: #90e58c;--baJkQc: #ff878f\"><span class=\"uJ19be notranslate\" data-sfc-root=\"c\" data-wiz-uids=\"WC7ODb_p,WC7ODb_q\" data-sfc-cb=\"\" data-processed=\"true\">&nbsp;<\/span><\/span><\/span><\/mark><span>en verre <\/span>clair<span> il est utilis\u00e9 sans soucoupe pour boire des boissons chaudes<\/span><\/p>\n<p>Couleur<span> : <\/span>transparente<span> <\/span>claire<span> <\/span><\/p>\n","protected":false},"excerpt":{"rendered":"<p>Une grande tasse cylindrique, g\u00e9n\u00e9ralement haute et robuste, munie d&rsquo;une anse&nbsp;en verre clair il est utilis\u00e9 sans soucoupe pour boire<\/p>\n","protected":false},"featured_media":30515,"template":"","meta":[],"product_brand":[],"product_cat":[78],"product_tag":[],"class_list":{"0":"post-30516","1":"product","2":"type-product","3":"status-publish","4":"has-post-thumbnail","6":"product_cat-vaisselle","8":"first","9":"instock","10":"shipping-taxable","11":"purchasable","12":"product-type-simple"},"_links":{"self":[{"href":"https:\/\/oladeco.sn\/index.php\/wp-json\/wp\/v2\/product\/30516","targetHints":{"allow":["GET"]}}],"collection":[{"href":"https:\/\/oladeco.sn\/index.php\/wp-json\/wp\/v2\/product"}],"about":[{"href":"https:\/\/oladeco.sn\/index.php\/wp-json\/wp\/v2\/types\/product"}],"version-history":[{"count":0,"href":"https:\/\/oladeco.sn\/index.php\/wp-json\/wp\/v2\/product\/30516\/revisions"}],"wp:featuredmedia":[{"embeddable":true,"href":"https:\/\/oladeco.sn\/index.php\/wp-json\/wp\/v2\/media\/30515"}],"wp:attachment":[{"href":"https:\/\/oladeco.sn\/index.php\/wp-json\/wp\/v2\/media?parent=30516"}],"wp:term":[{"taxonomy":"product_brand","embeddable":true,"href":"https:\/\/oladeco.sn\/index.php\/wp-json\/wp\/v2\/product_brand?post=30516"},{"taxonomy":"product_cat","embeddable":true,"href":"https:\/\/oladeco.sn\/index.php\/wp-json\/wp\/v2\/product_cat?post=30516"},{"taxonomy":"product_tag","embeddable":true,"href":"https:\/\/oladeco.sn\/index.php\/wp-json\/wp\/v2\/product_tag?post=30516"}],"curies":[{"name":"wp","href":"https:\/\/api.w.org\/{rel}","templated":true}]}}