{"id":30514,"date":"2026-04-26T03:59:17","date_gmt":"2026-04-26T03:59:17","guid":{"rendered":"https:\/\/oladeco.sn\/index.php\/product\/carafe-080-l-leline\/"},"modified":"2026-04-26T03:59:20","modified_gmt":"2026-04-26T03:59:20","slug":"carafe-080-l-leline","status":"publish","type":"product","link":"https:\/\/oladeco.sn\/index.php\/product\/carafe-080-l-leline\/","title":{"rendered":"Carafe 0,80 L leline"},"content":{"rendered":"<p><mark class=\"HxTRcb\" data-sfc-root=\"c\" data-sfc-cb=\"\" data-processed=\"true\">R\u00e9cipient en verre et couvercle en plexis con\u00e7u pour conserver et servir des boissons froides comme des jus de fruits, des eaux aromatis\u00e9es ou des cocktails<span class=\"uJ19be notranslate\" data-sfc-root=\"c\" data-wiz-uids=\"JpFdDf_d,JpFdDf_e\" data-sfc-cb=\"\" data-processed=\"true\"><span class=\"vKEkVd\" data-animation-atomic=\"\" data-wiz-attrbind=\"class=JpFdDf_c\/TKHnVd\" data-processed=\"true\" style=\"position: relative;white-space: nowrap;--btn-bg-color: var(--aYn2S);--btn-bg-color-hover: var(--Lm570b);--attr-text-color: var(--IXoxUe);--attr-link-color: var(--YLNNHc);--DEeStf: #2c2e35;--TSWZIb: #363840;--BRLwE: #42444d;--xhUGwc: #22242a;--XKMDxc: #2c2e35;--aYn2S: #363840;--Lm570b: #42444d;--CwQ7J: #17181f;--jINu6c: #e6e8f0;--uLz37c: #adafb8;--YLNNHc: #e6e8f0;--IXoxUe: #adafb8;--bbQxAb: #e6e8f0;--TMYS9: #e6e8f0;--mXZkqc: #363840;--gS5jXb: #363840;--amnPwe: #adafb8;--Nsm0ce: #0b50d0;--EpFNW: #fff;--jwFC2e: #223a94;--XPCkhb: #90e58c;--baJkQc: #ff878f\"><span aria-hidden=\"true\" data-processed=\"true\">&nbsp;<\/span><\/span><\/span><\/mark><span>Elle est  dot\u00e9e d&rsquo;un couvercle herm\u00e9tique et d&rsquo;un bec verseur pour une utilisation pratique \u00e0 table ou au r\u00e9frig\u00e9rateur<\/span><span class=\"uJ19be notranslate\" data-sfc-root=\"c\" data-wiz-uids=\"JpFdDf_h,JpFdDf_i\" data-sfc-cb=\"\" data-processed=\"true\"><span class=\"vKEkVd\" data-animation-atomic=\"\" data-wiz-attrbind=\"class=JpFdDf_g\/TKHnVd\" data-processed=\"true\" style=\"position: relative;white-space: nowrap;--btn-bg-color: var(--aYn2S);--btn-bg-color-hover: var(--Lm570b);--attr-text-color: var(--IXoxUe);--attr-link-color: var(--YLNNHc);--DEeStf: #2c2e35;--TSWZIb: #363840;--BRLwE: #42444d;--xhUGwc: #22242a;--XKMDxc: #2c2e35;--aYn2S: #363840;--Lm570b: #42444d;--CwQ7J: #17181f;--jINu6c: #e6e8f0;--uLz37c: #adafb8;--YLNNHc: #e6e8f0;--IXoxUe: #adafb8;--bbQxAb: #e6e8f0;--TMYS9: #e6e8f0;--mXZkqc: #363840;--gS5jXb: #363840;--amnPwe: #adafb8;--Nsm0ce: #0b50d0;--EpFNW: #fff;--jwFC2e: #223a94;--XPCkhb: #90e58c;--baJkQc: #ff878f\"><span aria-hidden=\"true\" data-processed=\"true\">&nbsp;<\/span><\/span><\/span><\/p>\n<p><span class=\"uJ19be notranslate\" data-sfc-root=\"c\" data-wiz-uids=\"JpFdDf_h,JpFdDf_i\" data-sfc-cb=\"\" data-processed=\"true\"><span class=\"vKEkVd\" data-animation-atomic=\"\" data-wiz-attrbind=\"class=JpFdDf_g\/TKHnVd\" data-processed=\"true\" style=\"position: relative;white-space: nowrap;--btn-bg-color: var(--aYn2S);--btn-bg-color-hover: var(--Lm570b);--attr-text-color: var(--IXoxUe);--attr-link-color: var(--YLNNHc);--DEeStf: #2c2e35;--TSWZIb: #363840;--BRLwE: #42444d;--xhUGwc: #22242a;--XKMDxc: #2c2e35;--aYn2S: #363840;--Lm570b: #42444d;--CwQ7J: #17181f;--jINu6c: #e6e8f0;--uLz37c: #adafb8;--YLNNHc: #e6e8f0;--IXoxUe: #adafb8;--bbQxAb: #e6e8f0;--TMYS9: #e6e8f0;--mXZkqc: #363840;--gS5jXb: #363840;--amnPwe: #adafb8;--Nsm0ce: #0b50d0;--EpFNW: #fff;--jwFC2e: #223a94;--XPCkhb: #90e58c;--baJkQc: #ff878f\"><span aria-hidden=\"true\" data-processed=\"true\"><\/span><\/span><\/span><\/p>\n<p>Couleur<span class=\"uJ19be notranslate\" data-sfc-root=\"c\" data-wiz-uids=\"JpFdDf_h,JpFdDf_i\" data-sfc-cb=\"\" data-processed=\"true\"><span class=\"vKEkVd\" data-animation-atomic=\"\" data-wiz-attrbind=\"class=JpFdDf_g\/TKHnVd\" data-processed=\"true\" style=\"position: relative;white-space: nowrap;--btn-bg-color: var(--aYn2S);--btn-bg-color-hover: var(--Lm570b);--attr-text-color: var(--IXoxUe);--attr-link-color: var(--YLNNHc);--DEeStf: #2c2e35;--TSWZIb: #363840;--BRLwE: #42444d;--xhUGwc: #22242a;--XKMDxc: #2c2e35;--aYn2S: #363840;--Lm570b: #42444d;--CwQ7J: #17181f;--jINu6c: #e6e8f0;--uLz37c: #adafb8;--YLNNHc: #e6e8f0;--IXoxUe: #adafb8;--bbQxAb: #e6e8f0;--TMYS9: #e6e8f0;--mXZkqc: #363840;--gS5jXb: #363840;--amnPwe: #adafb8;--Nsm0ce: #0b50d0;--EpFNW: #fff;--jwFC2e: #223a94;--XPCkhb: #90e58c;--baJkQc: #ff878f\"><span aria-hidden=\"true\" data-processed=\"true\"> : <\/span><\/span><\/span>transparente \/ couvercle beige<\/p>\n","protected":false},"excerpt":{"rendered":"<p>R\u00e9cipient en verre et couvercle en plexis con\u00e7u pour conserver et servir des boissons froides comme des jus de fruits,<\/p>\n","protected":false},"featured_media":30513,"template":"","meta":[],"product_brand":[],"product_cat":[78],"product_tag":[],"class_list":{"0":"post-30514","1":"product","2":"type-product","3":"status-publish","4":"has-post-thumbnail","6":"product_cat-vaisselle","8":"first","9":"instock","10":"shipping-taxable","11":"purchasable","12":"product-type-simple"},"_links":{"self":[{"href":"https:\/\/oladeco.sn\/index.php\/wp-json\/wp\/v2\/product\/30514","targetHints":{"allow":["GET"]}}],"collection":[{"href":"https:\/\/oladeco.sn\/index.php\/wp-json\/wp\/v2\/product"}],"about":[{"href":"https:\/\/oladeco.sn\/index.php\/wp-json\/wp\/v2\/types\/product"}],"version-history":[{"count":0,"href":"https:\/\/oladeco.sn\/index.php\/wp-json\/wp\/v2\/product\/30514\/revisions"}],"wp:featuredmedia":[{"embeddable":true,"href":"https:\/\/oladeco.sn\/index.php\/wp-json\/wp\/v2\/media\/30513"}],"wp:attachment":[{"href":"https:\/\/oladeco.sn\/index.php\/wp-json\/wp\/v2\/media?parent=30514"}],"wp:term":[{"taxonomy":"product_brand","embeddable":true,"href":"https:\/\/oladeco.sn\/index.php\/wp-json\/wp\/v2\/product_brand?post=30514"},{"taxonomy":"product_cat","embeddable":true,"href":"https:\/\/oladeco.sn\/index.php\/wp-json\/wp\/v2\/product_cat?post=30514"},{"taxonomy":"product_tag","embeddable":true,"href":"https:\/\/oladeco.sn\/index.php\/wp-json\/wp\/v2\/product_tag?post=30514"}],"curies":[{"name":"wp","href":"https:\/\/api.w.org\/{rel}","templated":true}]}}