{"id":30512,"date":"2026-04-26T03:53:07","date_gmt":"2026-04-26T03:53:07","guid":{"rendered":"https:\/\/oladeco.sn\/index.php\/product\/moulin-a-poivre-ou-sel-goldina\/"},"modified":"2026-04-26T03:53:10","modified_gmt":"2026-04-26T03:53:10","slug":"moulin-a-poivre-ou-sel-goldina","status":"publish","type":"product","link":"https:\/\/oladeco.sn\/index.php\/product\/moulin-a-poivre-ou-sel-goldina\/","title":{"rendered":"Moulin  \u00e0 poivre ou Sel goldina"},"content":{"rendered":"<h2>Ustensile de cuisine servant \u00e0 broyer des grains de poivre ou des cristaux de sel (gemme ou marin) pour assaisonner les plats&nbsp;<\/h2>\n<h2><\/h2>\n<h2>. Il est compos\u00e9 d&rsquo;un m\u00e9canisme manuel qui r\u00e9duit ces \u00e9pices dures en poudre, r\u00e9glable en finesse<\/h2>\n<h2>Couleur: transparente \/ blanche<\/h2>\n","protected":false},"excerpt":{"rendered":"<p>Ustensile de cuisine servant \u00e0 broyer des grains de poivre ou des cristaux de sel (gemme ou marin) pour assaisonner<\/p>\n","protected":false},"featured_media":30511,"template":"","meta":[],"product_brand":[],"product_cat":[78],"product_tag":[],"class_list":{"0":"post-30512","1":"product","2":"type-product","3":"status-publish","4":"has-post-thumbnail","6":"product_cat-vaisselle","8":"first","9":"instock","10":"shipping-taxable","11":"purchasable","12":"product-type-simple"},"_links":{"self":[{"href":"https:\/\/oladeco.sn\/index.php\/wp-json\/wp\/v2\/product\/30512","targetHints":{"allow":["GET"]}}],"collection":[{"href":"https:\/\/oladeco.sn\/index.php\/wp-json\/wp\/v2\/product"}],"about":[{"href":"https:\/\/oladeco.sn\/index.php\/wp-json\/wp\/v2\/types\/product"}],"version-history":[{"count":0,"href":"https:\/\/oladeco.sn\/index.php\/wp-json\/wp\/v2\/product\/30512\/revisions"}],"wp:featuredmedia":[{"embeddable":true,"href":"https:\/\/oladeco.sn\/index.php\/wp-json\/wp\/v2\/media\/30511"}],"wp:attachment":[{"href":"https:\/\/oladeco.sn\/index.php\/wp-json\/wp\/v2\/media?parent=30512"}],"wp:term":[{"taxonomy":"product_brand","embeddable":true,"href":"https:\/\/oladeco.sn\/index.php\/wp-json\/wp\/v2\/product_brand?post=30512"},{"taxonomy":"product_cat","embeddable":true,"href":"https:\/\/oladeco.sn\/index.php\/wp-json\/wp\/v2\/product_cat?post=30512"},{"taxonomy":"product_tag","embeddable":true,"href":"https:\/\/oladeco.sn\/index.php\/wp-json\/wp\/v2\/product_tag?post=30512"}],"curies":[{"name":"wp","href":"https:\/\/api.w.org\/{rel}","templated":true}]}}