{"id":30509,"date":"2026-04-26T03:50:21","date_gmt":"2026-04-26T03:50:21","guid":{"rendered":"https:\/\/oladeco.sn\/index.php\/product\/moulin-a-poivre-ou-sel-tescoma-jaune\/"},"modified":"2026-04-26T03:50:39","modified_gmt":"2026-04-26T03:50:39","slug":"moulin-a-poivre-ou-sel-tescoma-jaune","status":"publish","type":"product","link":"https:\/\/oladeco.sn\/index.php\/product\/moulin-a-poivre-ou-sel-tescoma-jaune\/","title":{"rendered":"Moulin \u00e0 poivre ou sel tescoma jaune"},"content":{"rendered":"<h1>Ustensile de cuisine servant \u00e0 broyer des grains de poivre ou des cristaux de sel (gemme ou marin) pour assaisonner les plats&nbsp;<\/h1>\n<h1><\/h1>\n<h1>. Il est compos\u00e9 d&rsquo;un m\u00e9canisme manuel qui r\u00e9duit ces \u00e9pices dures en poudre, r\u00e9glable en finesse<\/h1>\n<p> couleur : Jaune<\/p>\n","protected":false},"excerpt":{"rendered":"<p>Ustensile de cuisine servant \u00e0 broyer des grains de poivre ou des cristaux de sel (gemme ou marin) pour assaisonner<\/p>\n","protected":false},"featured_media":30508,"template":"","meta":[],"product_brand":[],"product_cat":[78],"product_tag":[],"class_list":{"0":"post-30509","1":"product","2":"type-product","3":"status-publish","4":"has-post-thumbnail","6":"product_cat-vaisselle","8":"first","9":"instock","10":"shipping-taxable","11":"purchasable","12":"product-type-simple"},"_links":{"self":[{"href":"https:\/\/oladeco.sn\/index.php\/wp-json\/wp\/v2\/product\/30509","targetHints":{"allow":["GET"]}}],"collection":[{"href":"https:\/\/oladeco.sn\/index.php\/wp-json\/wp\/v2\/product"}],"about":[{"href":"https:\/\/oladeco.sn\/index.php\/wp-json\/wp\/v2\/types\/product"}],"version-history":[{"count":1,"href":"https:\/\/oladeco.sn\/index.php\/wp-json\/wp\/v2\/product\/30509\/revisions"}],"predecessor-version":[{"id":30510,"href":"https:\/\/oladeco.sn\/index.php\/wp-json\/wp\/v2\/product\/30509\/revisions\/30510"}],"wp:featuredmedia":[{"embeddable":true,"href":"https:\/\/oladeco.sn\/index.php\/wp-json\/wp\/v2\/media\/30508"}],"wp:attachment":[{"href":"https:\/\/oladeco.sn\/index.php\/wp-json\/wp\/v2\/media?parent=30509"}],"wp:term":[{"taxonomy":"product_brand","embeddable":true,"href":"https:\/\/oladeco.sn\/index.php\/wp-json\/wp\/v2\/product_brand?post=30509"},{"taxonomy":"product_cat","embeddable":true,"href":"https:\/\/oladeco.sn\/index.php\/wp-json\/wp\/v2\/product_cat?post=30509"},{"taxonomy":"product_tag","embeddable":true,"href":"https:\/\/oladeco.sn\/index.php\/wp-json\/wp\/v2\/product_tag?post=30509"}],"curies":[{"name":"wp","href":"https:\/\/api.w.org\/{rel}","templated":true}]}}