{"id":30506,"date":"2026-04-26T03:48:48","date_gmt":"2026-04-26T03:48:48","guid":{"rendered":"https:\/\/oladeco.sn\/index.php\/product\/moulin-a-poivre-ou-sel-tescoma\/"},"modified":"2026-04-26T03:48:51","modified_gmt":"2026-04-26T03:48:51","slug":"moulin-a-poivre-ou-sel-tescoma","status":"publish","type":"product","link":"https:\/\/oladeco.sn\/index.php\/product\/moulin-a-poivre-ou-sel-tescoma\/","title":{"rendered":"Moulin \u00e0 poivre ou sel Tescoma"},"content":{"rendered":"<h1>Ustensile de cuisine servant \u00e0 broyer des grains de poivre ou des cristaux de sel (gemme ou marin) pour assaisonner les plats&nbsp;<\/h1>\n<h1><\/h1>\n<h1>. Il est compos\u00e9 d&rsquo;un m\u00e9canisme manuel qui r\u00e9duit ces \u00e9pices dures en poudre, r\u00e9glable en finesse<\/h1>\n<p>couleur grise<\/p>\n","protected":false},"excerpt":{"rendered":"<p>Ustensile de cuisine servant \u00e0 broyer des grains de poivre ou des cristaux de sel (gemme ou marin) pour assaisonner<\/p>\n","protected":false},"featured_media":30504,"template":"","meta":[],"product_brand":[],"product_cat":[78],"product_tag":[],"class_list":{"0":"post-30506","1":"product","2":"type-product","3":"status-publish","4":"has-post-thumbnail","6":"product_cat-vaisselle","8":"first","9":"instock","10":"shipping-taxable","11":"purchasable","12":"product-type-simple"},"_links":{"self":[{"href":"https:\/\/oladeco.sn\/index.php\/wp-json\/wp\/v2\/product\/30506","targetHints":{"allow":["GET"]}}],"collection":[{"href":"https:\/\/oladeco.sn\/index.php\/wp-json\/wp\/v2\/product"}],"about":[{"href":"https:\/\/oladeco.sn\/index.php\/wp-json\/wp\/v2\/types\/product"}],"version-history":[{"count":0,"href":"https:\/\/oladeco.sn\/index.php\/wp-json\/wp\/v2\/product\/30506\/revisions"}],"wp:featuredmedia":[{"embeddable":true,"href":"https:\/\/oladeco.sn\/index.php\/wp-json\/wp\/v2\/media\/30504"}],"wp:attachment":[{"href":"https:\/\/oladeco.sn\/index.php\/wp-json\/wp\/v2\/media?parent=30506"}],"wp:term":[{"taxonomy":"product_brand","embeddable":true,"href":"https:\/\/oladeco.sn\/index.php\/wp-json\/wp\/v2\/product_brand?post=30506"},{"taxonomy":"product_cat","embeddable":true,"href":"https:\/\/oladeco.sn\/index.php\/wp-json\/wp\/v2\/product_cat?post=30506"},{"taxonomy":"product_tag","embeddable":true,"href":"https:\/\/oladeco.sn\/index.php\/wp-json\/wp\/v2\/product_tag?post=30506"}],"curies":[{"name":"wp","href":"https:\/\/api.w.org\/{rel}","templated":true}]}}