{"id":30503,"date":"2026-04-26T03:43:19","date_gmt":"2026-04-26T03:43:19","guid":{"rendered":"https:\/\/oladeco.sn\/index.php\/product\/serviette-de-bain-blanche-motif-gris-dkny\/"},"modified":"2026-04-26T03:43:22","modified_gmt":"2026-04-26T03:43:22","slug":"serviette-de-bain-blanche-motif-gris-dkny","status":"publish","type":"product","link":"https:\/\/oladeco.sn\/index.php\/product\/serviette-de-bain-blanche-motif-gris-dkny\/","title":{"rendered":"Serviette de bain blanche motif gris DKNY"},"content":{"rendered":"<p>Con\u00e7ue pour s\u00e9cher le corps apr\u00e8s la douche ou le bain. Peut \u00eatre utilis\u00e9 \u00e0 la maison ou m\u00eame \u00e0 la plage en coton et tr\u00e8s doux sur le corps<\/p>\n<p>Couleur: blanche motif gris<\/p>\n<p>Marque : DKNY<\/p>\n","protected":false},"excerpt":{"rendered":"<p>Con\u00e7ue pour s\u00e9cher le corps apr\u00e8s la douche ou le bain. Peut \u00eatre utilis\u00e9 \u00e0 la maison ou m\u00eame \u00e0<\/p>\n","protected":false},"featured_media":30501,"template":"","meta":[],"product_brand":[],"product_cat":[80],"product_tag":[],"class_list":{"0":"post-30503","1":"product","2":"type-product","3":"status-publish","4":"has-post-thumbnail","6":"product_cat-linge-de-maison","8":"first","9":"instock","10":"shipping-taxable","11":"purchasable","12":"product-type-simple"},"_links":{"self":[{"href":"https:\/\/oladeco.sn\/index.php\/wp-json\/wp\/v2\/product\/30503","targetHints":{"allow":["GET"]}}],"collection":[{"href":"https:\/\/oladeco.sn\/index.php\/wp-json\/wp\/v2\/product"}],"about":[{"href":"https:\/\/oladeco.sn\/index.php\/wp-json\/wp\/v2\/types\/product"}],"version-history":[{"count":0,"href":"https:\/\/oladeco.sn\/index.php\/wp-json\/wp\/v2\/product\/30503\/revisions"}],"wp:featuredmedia":[{"embeddable":true,"href":"https:\/\/oladeco.sn\/index.php\/wp-json\/wp\/v2\/media\/30501"}],"wp:attachment":[{"href":"https:\/\/oladeco.sn\/index.php\/wp-json\/wp\/v2\/media?parent=30503"}],"wp:term":[{"taxonomy":"product_brand","embeddable":true,"href":"https:\/\/oladeco.sn\/index.php\/wp-json\/wp\/v2\/product_brand?post=30503"},{"taxonomy":"product_cat","embeddable":true,"href":"https:\/\/oladeco.sn\/index.php\/wp-json\/wp\/v2\/product_cat?post=30503"},{"taxonomy":"product_tag","embeddable":true,"href":"https:\/\/oladeco.sn\/index.php\/wp-json\/wp\/v2\/product_tag?post=30503"}],"curies":[{"name":"wp","href":"https:\/\/api.w.org\/{rel}","templated":true}]}}