{"id":30500,"date":"2026-04-26T03:41:08","date_gmt":"2026-04-26T03:41:08","guid":{"rendered":"https:\/\/oladeco.sn\/index.php\/product\/serviette-blanche-motif-beige\/"},"modified":"2026-04-26T03:41:11","modified_gmt":"2026-04-26T03:41:11","slug":"serviette-blanche-motif-beige","status":"publish","type":"product","link":"https:\/\/oladeco.sn\/index.php\/product\/serviette-blanche-motif-beige\/","title":{"rendered":"Serviette blanche motif beige"},"content":{"rendered":"<p>Con\u00e7ue pour s\u00e9cher le corps apr\u00e8s la douche ou le bain. Peut \u00eatre utilis\u00e9 \u00e0 la maison ou m\u00eame \u00e0 la plage en coton et tr\u00e8s doux sur le corps<\/p>\n<p>Couleur : blanche motif beige fonc\u00e9<\/p>\n","protected":false},"excerpt":{"rendered":"<p>Con\u00e7ue pour s\u00e9cher le corps apr\u00e8s la douche ou le bain. Peut \u00eatre utilis\u00e9 \u00e0 la maison ou m\u00eame \u00e0<\/p>\n","protected":false},"featured_media":30498,"template":"","meta":[],"product_brand":[],"product_cat":[80],"product_tag":[],"class_list":{"0":"post-30500","1":"product","2":"type-product","3":"status-publish","4":"has-post-thumbnail","6":"product_cat-linge-de-maison","8":"first","9":"instock","10":"shipping-taxable","11":"purchasable","12":"product-type-simple"},"_links":{"self":[{"href":"https:\/\/oladeco.sn\/index.php\/wp-json\/wp\/v2\/product\/30500","targetHints":{"allow":["GET"]}}],"collection":[{"href":"https:\/\/oladeco.sn\/index.php\/wp-json\/wp\/v2\/product"}],"about":[{"href":"https:\/\/oladeco.sn\/index.php\/wp-json\/wp\/v2\/types\/product"}],"version-history":[{"count":0,"href":"https:\/\/oladeco.sn\/index.php\/wp-json\/wp\/v2\/product\/30500\/revisions"}],"wp:featuredmedia":[{"embeddable":true,"href":"https:\/\/oladeco.sn\/index.php\/wp-json\/wp\/v2\/media\/30498"}],"wp:attachment":[{"href":"https:\/\/oladeco.sn\/index.php\/wp-json\/wp\/v2\/media?parent=30500"}],"wp:term":[{"taxonomy":"product_brand","embeddable":true,"href":"https:\/\/oladeco.sn\/index.php\/wp-json\/wp\/v2\/product_brand?post=30500"},{"taxonomy":"product_cat","embeddable":true,"href":"https:\/\/oladeco.sn\/index.php\/wp-json\/wp\/v2\/product_cat?post=30500"},{"taxonomy":"product_tag","embeddable":true,"href":"https:\/\/oladeco.sn\/index.php\/wp-json\/wp\/v2\/product_tag?post=30500"}],"curies":[{"name":"wp","href":"https:\/\/api.w.org\/{rel}","templated":true}]}}