{"id":30442,"date":"2026-04-25T01:33:50","date_gmt":"2026-04-25T01:33:50","guid":{"rendered":"https:\/\/oladeco.sn\/index.php\/product\/duo-de-vase-avec-fleurs-vernil\/"},"modified":"2026-04-25T01:33:54","modified_gmt":"2026-04-25T01:33:54","slug":"duo-de-vase-avec-fleurs-vernil","status":"publish","type":"product","link":"https:\/\/oladeco.sn\/index.php\/product\/duo-de-vase-avec-fleurs-vernil\/","title":{"rendered":"Duo de vase avec fleurs vernil"},"content":{"rendered":"<p>Deux vases<\/p>\n<p>Couleur : blanc Dor\u00e9<\/p>\n<p>Un avec couvercle et l&rsquo;autre avec un bouquet de fleurs verts<\/p>\n<p>Mati\u00e8re : c\u00e9ramique<\/p>\n<p>\u00c0 poser sur vos tables buffets et \u00e9tag\u00e8res<\/p>\n","protected":false},"excerpt":{"rendered":"<p>Deux vases Couleur : blanc Dor\u00e9 Un avec couvercle et l&rsquo;autre avec un bouquet de fleurs verts Mati\u00e8re : c\u00e9ramique<\/p>\n","protected":false},"featured_media":30441,"template":"","meta":[],"product_brand":[],"product_cat":[77],"product_tag":[],"class_list":{"0":"post-30442","1":"product","2":"type-product","3":"status-publish","4":"has-post-thumbnail","6":"product_cat-decoration","8":"first","9":"instock","10":"shipping-taxable","11":"purchasable","12":"product-type-simple"},"_links":{"self":[{"href":"https:\/\/oladeco.sn\/index.php\/wp-json\/wp\/v2\/product\/30442","targetHints":{"allow":["GET"]}}],"collection":[{"href":"https:\/\/oladeco.sn\/index.php\/wp-json\/wp\/v2\/product"}],"about":[{"href":"https:\/\/oladeco.sn\/index.php\/wp-json\/wp\/v2\/types\/product"}],"version-history":[{"count":0,"href":"https:\/\/oladeco.sn\/index.php\/wp-json\/wp\/v2\/product\/30442\/revisions"}],"wp:featuredmedia":[{"embeddable":true,"href":"https:\/\/oladeco.sn\/index.php\/wp-json\/wp\/v2\/media\/30441"}],"wp:attachment":[{"href":"https:\/\/oladeco.sn\/index.php\/wp-json\/wp\/v2\/media?parent=30442"}],"wp:term":[{"taxonomy":"product_brand","embeddable":true,"href":"https:\/\/oladeco.sn\/index.php\/wp-json\/wp\/v2\/product_brand?post=30442"},{"taxonomy":"product_cat","embeddable":true,"href":"https:\/\/oladeco.sn\/index.php\/wp-json\/wp\/v2\/product_cat?post=30442"},{"taxonomy":"product_tag","embeddable":true,"href":"https:\/\/oladeco.sn\/index.php\/wp-json\/wp\/v2\/product_tag?post=30442"}],"curies":[{"name":"wp","href":"https:\/\/api.w.org\/{rel}","templated":true}]}}