{"id":30440,"date":"2026-04-25T01:24:52","date_gmt":"2026-04-25T01:24:52","guid":{"rendered":"https:\/\/oladeco.sn\/index.php\/product\/bougie-bbworks-227g\/"},"modified":"2026-04-26T19:38:14","modified_gmt":"2026-04-26T19:38:14","slug":"bougie-bbworks-227g","status":"publish","type":"product","link":"https:\/\/oladeco.sn\/index.php\/product\/bougie-bbworks-227g\/","title":{"rendered":"Bougie B&amp;Bworks 227g"},"content":{"rendered":"<p>Bougie Bath and body works petit mod\u00e8le<\/p>\n<p>Odeur : caf\u00e9 et whisky<\/p>\n<p>227g<\/p>\n<p>1 m\u00e8che sans plomb de qualit\u00e9 sup\u00e9rieure<\/p>\n<p>Diffusion de 25 &#8211; 45 heures<\/p>\n","protected":false},"excerpt":{"rendered":"<p>Bougie Bath and body works petit mod\u00e8le Odeur : caf\u00e9 et whisky 227g 1 m\u00e8che sans plomb de qualit\u00e9 sup\u00e9rieure<\/p>\n","protected":false},"featured_media":30439,"template":"","meta":[],"product_brand":[],"product_cat":[109],"product_tag":[],"class_list":{"0":"post-30440","1":"product","2":"type-product","3":"status-publish","4":"has-post-thumbnail","6":"product_cat-senteurs","8":"first","9":"instock","10":"shipping-taxable","11":"purchasable","12":"product-type-simple"},"_links":{"self":[{"href":"https:\/\/oladeco.sn\/index.php\/wp-json\/wp\/v2\/product\/30440","targetHints":{"allow":["GET"]}}],"collection":[{"href":"https:\/\/oladeco.sn\/index.php\/wp-json\/wp\/v2\/product"}],"about":[{"href":"https:\/\/oladeco.sn\/index.php\/wp-json\/wp\/v2\/types\/product"}],"version-history":[{"count":0,"href":"https:\/\/oladeco.sn\/index.php\/wp-json\/wp\/v2\/product\/30440\/revisions"}],"wp:featuredmedia":[{"embeddable":true,"href":"https:\/\/oladeco.sn\/index.php\/wp-json\/wp\/v2\/media\/30439"}],"wp:attachment":[{"href":"https:\/\/oladeco.sn\/index.php\/wp-json\/wp\/v2\/media?parent=30440"}],"wp:term":[{"taxonomy":"product_brand","embeddable":true,"href":"https:\/\/oladeco.sn\/index.php\/wp-json\/wp\/v2\/product_brand?post=30440"},{"taxonomy":"product_cat","embeddable":true,"href":"https:\/\/oladeco.sn\/index.php\/wp-json\/wp\/v2\/product_cat?post=30440"},{"taxonomy":"product_tag","embeddable":true,"href":"https:\/\/oladeco.sn\/index.php\/wp-json\/wp\/v2\/product_tag?post=30440"}],"curies":[{"name":"wp","href":"https:\/\/api.w.org\/{rel}","templated":true}]}}