{"id":30437,"date":"2026-04-25T01:14:19","date_gmt":"2026-04-25T01:14:19","guid":{"rendered":"https:\/\/oladeco.sn\/index.php\/product\/bougie-bbworks-apple-toddy\/"},"modified":"2026-04-26T19:38:59","modified_gmt":"2026-04-26T19:38:59","slug":"bougie-bbworks-apple-toddy","status":"publish","type":"product","link":"https:\/\/oladeco.sn\/index.php\/product\/bougie-bbworks-apple-toddy\/","title":{"rendered":"Bougie B&amp;Bworks Apple Toddy"},"content":{"rendered":"<p>Bougie Bath and body works<\/p>\n<p>3 M\u00e8ches de qualit\u00e9 sup\u00e9rieure sans plomb<\/p>\n<p>Odeur : Pomme cannelle cerise canneberge<\/p>\n<p><span>Apportez chaleur et convivialit\u00e9 \u00e0 votre int\u00e9rieur avec cette bougie \u00e0 3 m\u00e8ches White Barn Spiced Apple Toddy de Bath and Body Works. Pr\u00e9sent\u00e9e dans un grand pot de 411 g (14,5 oz), elle est compos\u00e9e de cire de soja et de plusieurs m\u00e8ches pour une combustion longue dur\u00e9e. Parfaite au quotidien, elle est id\u00e9ale pour la salle de bain et la salle \u00e0 manger. Sa jolie couleur violette apporte une touche d&rsquo;\u00e9l\u00e9gance \u00e0 votre pi\u00e8ce. Frais de port group\u00e9s disponibles&nbsp;!<\/span><\/p>\n","protected":false},"excerpt":{"rendered":"<p>Bougie Bath and body works 3 M\u00e8ches de qualit\u00e9 sup\u00e9rieure sans plomb Odeur : Pomme cannelle cerise canneberge Apportez chaleur<\/p>\n","protected":false},"featured_media":30433,"template":"","meta":[],"product_brand":[],"product_cat":[109],"product_tag":[],"class_list":{"0":"post-30437","1":"product","2":"type-product","3":"status-publish","4":"has-post-thumbnail","6":"product_cat-senteurs","8":"first","9":"instock","10":"shipping-taxable","11":"purchasable","12":"product-type-simple"},"_links":{"self":[{"href":"https:\/\/oladeco.sn\/index.php\/wp-json\/wp\/v2\/product\/30437","targetHints":{"allow":["GET"]}}],"collection":[{"href":"https:\/\/oladeco.sn\/index.php\/wp-json\/wp\/v2\/product"}],"about":[{"href":"https:\/\/oladeco.sn\/index.php\/wp-json\/wp\/v2\/types\/product"}],"version-history":[{"count":1,"href":"https:\/\/oladeco.sn\/index.php\/wp-json\/wp\/v2\/product\/30437\/revisions"}],"predecessor-version":[{"id":30521,"href":"https:\/\/oladeco.sn\/index.php\/wp-json\/wp\/v2\/product\/30437\/revisions\/30521"}],"wp:featuredmedia":[{"embeddable":true,"href":"https:\/\/oladeco.sn\/index.php\/wp-json\/wp\/v2\/media\/30433"}],"wp:attachment":[{"href":"https:\/\/oladeco.sn\/index.php\/wp-json\/wp\/v2\/media?parent=30437"}],"wp:term":[{"taxonomy":"product_brand","embeddable":true,"href":"https:\/\/oladeco.sn\/index.php\/wp-json\/wp\/v2\/product_brand?post=30437"},{"taxonomy":"product_cat","embeddable":true,"href":"https:\/\/oladeco.sn\/index.php\/wp-json\/wp\/v2\/product_cat?post=30437"},{"taxonomy":"product_tag","embeddable":true,"href":"https:\/\/oladeco.sn\/index.php\/wp-json\/wp\/v2\/product_tag?post=30437"}],"curies":[{"name":"wp","href":"https:\/\/api.w.org\/{rel}","templated":true}]}}