{"id":30428,"date":"2026-04-25T00:35:57","date_gmt":"2026-04-25T00:35:57","guid":{"rendered":"https:\/\/oladeco.sn\/index.php\/product\/bougie-bbworks-227g-peach-bellini\/"},"modified":"2026-04-26T19:38:48","modified_gmt":"2026-04-26T19:38:48","slug":"bougie-bbworks-227g-peach-bellini","status":"publish","type":"product","link":"https:\/\/oladeco.sn\/index.php\/product\/bougie-bbworks-227g-peach-bellini\/","title":{"rendered":"Bougie B&amp;Bworks 227g peach bellini"},"content":{"rendered":"<p>Bougie Bath and body works<\/p>\n<p>Petit mod\u00e8le<\/p>\n<p>1 m\u00e8che<\/p>\n<p>227g<\/p>\n<p><span class=\"Y2IQFc\" lang=\"fr\">un bon moment lumineux et p\u00e9tillant.<\/span><\/p>\n<pre class=\"tw-data-text tw-text-large JgzqYd RES9jf tw-ta\" data-placeholder=\"Traduction\" id=\"tw-target-text\" role=\"text\" data-ved=\"2ahUKEwjS3vzT4IeUAxV8OPsDHUp6INwQ3ewLegQIDBAY\" dir=\"ltr\" aria-label=\"Texte traduit\u00a0: Ce que \u00e7a sent : un bon moment lumineux et p\u00e9tillant. Notes de parfum : p\u00eache blanche succulente, prosecco p\u00e9tillant et orange douce.\" style=\"font-family: inherit;font-size: var(--Ia70Xd);line-height: 28px;background-color: transparent;border: medium;padding: 10px 0.14em 10px 0px;position: relative;margin: -10px 0px;overflow: hidden;text-align: left;width: 398px;white-space: pre-wrap;font-style: normal;font-weight: 400;letter-spacing: normal;text-indent: 0px;text-transform: none\"><span class=\"Y2IQFc\" lang=\"fr\"><\/span>\u2029<span class=\"Y2IQFc\" lang=\"fr\">Notes de parfum : p\u00eache blanche succulente, prosecco p\u00e9tillant et orange douce.<\/span><\/pre>\n<p>Plus de 45 heures de diffusion de parfum<\/p>\n","protected":false},"excerpt":{"rendered":"<p>Bougie Bath and body works Petit mod\u00e8le 1 m\u00e8che 227g un bon moment lumineux et p\u00e9tillant. \u2029Notes de parfum :<\/p>\n","protected":false},"featured_media":30426,"template":"","meta":[],"product_brand":[],"product_cat":[109],"product_tag":[],"class_list":{"0":"post-30428","1":"product","2":"type-product","3":"status-publish","4":"has-post-thumbnail","6":"product_cat-senteurs","8":"first","9":"instock","10":"shipping-taxable","11":"purchasable","12":"product-type-simple"},"_links":{"self":[{"href":"https:\/\/oladeco.sn\/index.php\/wp-json\/wp\/v2\/product\/30428","targetHints":{"allow":["GET"]}}],"collection":[{"href":"https:\/\/oladeco.sn\/index.php\/wp-json\/wp\/v2\/product"}],"about":[{"href":"https:\/\/oladeco.sn\/index.php\/wp-json\/wp\/v2\/types\/product"}],"version-history":[{"count":1,"href":"https:\/\/oladeco.sn\/index.php\/wp-json\/wp\/v2\/product\/30428\/revisions"}],"predecessor-version":[{"id":30520,"href":"https:\/\/oladeco.sn\/index.php\/wp-json\/wp\/v2\/product\/30428\/revisions\/30520"}],"wp:featuredmedia":[{"embeddable":true,"href":"https:\/\/oladeco.sn\/index.php\/wp-json\/wp\/v2\/media\/30426"}],"wp:attachment":[{"href":"https:\/\/oladeco.sn\/index.php\/wp-json\/wp\/v2\/media?parent=30428"}],"wp:term":[{"taxonomy":"product_brand","embeddable":true,"href":"https:\/\/oladeco.sn\/index.php\/wp-json\/wp\/v2\/product_brand?post=30428"},{"taxonomy":"product_cat","embeddable":true,"href":"https:\/\/oladeco.sn\/index.php\/wp-json\/wp\/v2\/product_cat?post=30428"},{"taxonomy":"product_tag","embeddable":true,"href":"https:\/\/oladeco.sn\/index.php\/wp-json\/wp\/v2\/product_tag?post=30428"}],"curies":[{"name":"wp","href":"https:\/\/api.w.org\/{rel}","templated":true}]}}