{"id":30422,"date":"2026-04-25T00:11:45","date_gmt":"2026-04-25T00:11:45","guid":{"rendered":"https:\/\/oladeco.sn\/index.php\/product\/bougie-bath-and-body-works\/"},"modified":"2026-04-26T19:40:14","modified_gmt":"2026-04-26T19:40:14","slug":"bougie-bath-and-body-works","status":"publish","type":"product","link":"https:\/\/oladeco.sn\/index.php\/product\/bougie-bath-and-body-works\/","title":{"rendered":"Bougie Bath and body works"},"content":{"rendered":"<p>Bougie Bath and body works<\/p>\n<p>Parfum : Past\u00e8que Citron<\/p>\n<p>3 m\u00e8ches de qualit\u00e9 sup\u00e9rieure<\/p>\n<p>Jusqu&rsquo;\u00e0 45 heures de diffusion de parfum<\/p>\n<p><span class=\"Y2IQFc\" lang=\"fr\"><\/span><\/p>\n<pre class=\"tw-data-text tw-text-large JgzqYd RES9jf tw-ta\" data-placeholder=\"Traduction\" id=\"tw-target-text\" role=\"text\" data-ved=\"2ahUKEwihiNHd2IeUAxUdNfsDHd8IDrcQ3ewLegQIDBAY\" dir=\"ltr\" aria-label=\"Texte traduit\u00a0: Son odeur : un rafra\u00eechissement sucr\u00e9 et acidul\u00e9. Ce qu'il fait : offre une exp\u00e9rience parfum\u00e9e incroyable qui remplit la pi\u00e8ce.\" style=\"font-family: inherit;font-size: var(--Ia70Xd);line-height: 28px;background-color: transparent;border: medium;padding: 10px 0.14em 10px 0px;position: relative;margin: -10px 0px;overflow: hidden;text-align: left;width: 398px;white-space: pre-wrap;font-style: normal;font-weight: 400;letter-spacing: normal;text-indent: 0px;text-transform: none\"><span class=\"Y2IQFc\" lang=\"fr\">Son odeur : un rafra\u00eechissement sucr\u00e9 et acidul\u00e9.<\/span>\u2029\u2029<span class=\"Y2IQFc\" lang=\"fr\">offre une exp\u00e9rience parfum\u00e9e incroyable qui remplit la pi\u00e8ce.<\/span><\/pre>\n","protected":false},"excerpt":{"rendered":"<p>Bougie Bath and body works Parfum : Past\u00e8que Citron 3 m\u00e8ches de qualit\u00e9 sup\u00e9rieure Jusqu&rsquo;\u00e0 45 heures de diffusion de<\/p>\n","protected":false},"featured_media":30421,"template":"","meta":[],"product_brand":[],"product_cat":[109],"product_tag":[],"class_list":{"0":"post-30422","1":"product","2":"type-product","3":"status-publish","4":"has-post-thumbnail","6":"product_cat-senteurs","8":"first","9":"instock","10":"shipping-taxable","11":"purchasable","12":"product-type-simple"},"_links":{"self":[{"href":"https:\/\/oladeco.sn\/index.php\/wp-json\/wp\/v2\/product\/30422","targetHints":{"allow":["GET"]}}],"collection":[{"href":"https:\/\/oladeco.sn\/index.php\/wp-json\/wp\/v2\/product"}],"about":[{"href":"https:\/\/oladeco.sn\/index.php\/wp-json\/wp\/v2\/types\/product"}],"version-history":[{"count":1,"href":"https:\/\/oladeco.sn\/index.php\/wp-json\/wp\/v2\/product\/30422\/revisions"}],"predecessor-version":[{"id":30423,"href":"https:\/\/oladeco.sn\/index.php\/wp-json\/wp\/v2\/product\/30422\/revisions\/30423"}],"wp:featuredmedia":[{"embeddable":true,"href":"https:\/\/oladeco.sn\/index.php\/wp-json\/wp\/v2\/media\/30421"}],"wp:attachment":[{"href":"https:\/\/oladeco.sn\/index.php\/wp-json\/wp\/v2\/media?parent=30422"}],"wp:term":[{"taxonomy":"product_brand","embeddable":true,"href":"https:\/\/oladeco.sn\/index.php\/wp-json\/wp\/v2\/product_brand?post=30422"},{"taxonomy":"product_cat","embeddable":true,"href":"https:\/\/oladeco.sn\/index.php\/wp-json\/wp\/v2\/product_cat?post=30422"},{"taxonomy":"product_tag","embeddable":true,"href":"https:\/\/oladeco.sn\/index.php\/wp-json\/wp\/v2\/product_tag?post=30422"}],"curies":[{"name":"wp","href":"https:\/\/api.w.org\/{rel}","templated":true}]}}