{"id":30404,"date":"2026-04-24T23:08:04","date_gmt":"2026-04-24T23:08:04","guid":{"rendered":"https:\/\/oladeco.sn\/index.php\/product\/distributeur-de-savon-liquide-arow\/"},"modified":"2026-04-24T23:10:56","modified_gmt":"2026-04-24T23:10:56","slug":"distributeur-de-savon-liquide-arow","status":"publish","type":"product","link":"https:\/\/oladeco.sn\/index.php\/product\/distributeur-de-savon-liquide-arow\/","title":{"rendered":"Distributeur de savon liquide Arow White"},"content":{"rendered":"<p>Distributeur de savon liquide<\/p>\n<p>Nom: Arow soap dispenser<\/p>\n<p>Mati\u00e8re : fibre et m\u00e9tal<\/p>\n<p><mark class=\"HxTRcb\" data-sfc-root=\"c\" data-sfc-cb=\"\">Con\u00e7u pour stocker et d\u00e9livrer du savon (liquide, mousse ou gel) ou du d\u00e9sinfectant de mani\u00e8re contr\u00f4l\u00e9e, hygi\u00e9nique et dos\u00e9e<\/mark><span><span class=\"Apple-converted-space\">&nbsp;<\/span><\/span><\/p>\n<p>Couleur<span><span class=\"Apple-converted-space\"> : <\/span><\/span>blanc<span><span class=\"Apple-converted-space\"> <\/span><\/span><\/p>\n","protected":false},"excerpt":{"rendered":"<p>Distributeur de savon liquide Nom: Arow soap dispenser Mati\u00e8re : fibre et m\u00e9tal Con\u00e7u pour stocker et d\u00e9livrer du savon<\/p>\n","protected":false},"featured_media":30403,"template":"","meta":[],"product_brand":[],"product_cat":[108],"product_tag":[],"class_list":{"0":"post-30404","1":"product","2":"type-product","3":"status-publish","4":"has-post-thumbnail","6":"product_cat-accessoires","8":"first","9":"instock","10":"shipping-taxable","11":"purchasable","12":"product-type-simple"},"_links":{"self":[{"href":"https:\/\/oladeco.sn\/index.php\/wp-json\/wp\/v2\/product\/30404","targetHints":{"allow":["GET"]}}],"collection":[{"href":"https:\/\/oladeco.sn\/index.php\/wp-json\/wp\/v2\/product"}],"about":[{"href":"https:\/\/oladeco.sn\/index.php\/wp-json\/wp\/v2\/types\/product"}],"version-history":[{"count":1,"href":"https:\/\/oladeco.sn\/index.php\/wp-json\/wp\/v2\/product\/30404\/revisions"}],"predecessor-version":[{"id":30407,"href":"https:\/\/oladeco.sn\/index.php\/wp-json\/wp\/v2\/product\/30404\/revisions\/30407"}],"wp:featuredmedia":[{"embeddable":true,"href":"https:\/\/oladeco.sn\/index.php\/wp-json\/wp\/v2\/media\/30403"}],"wp:attachment":[{"href":"https:\/\/oladeco.sn\/index.php\/wp-json\/wp\/v2\/media?parent=30404"}],"wp:term":[{"taxonomy":"product_brand","embeddable":true,"href":"https:\/\/oladeco.sn\/index.php\/wp-json\/wp\/v2\/product_brand?post=30404"},{"taxonomy":"product_cat","embeddable":true,"href":"https:\/\/oladeco.sn\/index.php\/wp-json\/wp\/v2\/product_cat?post=30404"},{"taxonomy":"product_tag","embeddable":true,"href":"https:\/\/oladeco.sn\/index.php\/wp-json\/wp\/v2\/product_tag?post=30404"}],"curies":[{"name":"wp","href":"https:\/\/api.w.org\/{rel}","templated":true}]}}