{"id":30380,"date":"2026-04-24T16:12:33","date_gmt":"2026-04-24T16:12:33","guid":{"rendered":"https:\/\/oladeco.sn\/index.php\/product\/distributeur-de-savon-home-white\/"},"modified":"2026-04-24T16:12:37","modified_gmt":"2026-04-24T16:12:37","slug":"distributeur-de-savon-home-white","status":"publish","type":"product","link":"https:\/\/oladeco.sn\/index.php\/product\/distributeur-de-savon-home-white\/","title":{"rendered":"Distributeur de savon Home White"},"content":{"rendered":"<p>Distributeur de savon<\/p>\n<p>Nom: Home White<\/p>\n<p>Mati\u00e8re : c\u00e9ramique <span>con\u00e7u pour stocker et d\u00e9livrer du savon (liquide, mousse ou gel) ou du d\u00e9sinfectant de mani\u00e8re contr\u00f4l\u00e9e, hygi\u00e9nique et dos\u00e9e<\/span><\/p>\n","protected":false},"excerpt":{"rendered":"<p>Distributeur de savon Nom: Home White Mati\u00e8re : c\u00e9ramique con\u00e7u pour stocker et d\u00e9livrer du savon (liquide, mousse ou gel)<\/p>\n","protected":false},"featured_media":30379,"template":"","meta":[],"product_brand":[],"product_cat":[108],"product_tag":[],"class_list":{"0":"post-30380","1":"product","2":"type-product","3":"status-publish","4":"has-post-thumbnail","6":"product_cat-accessoires","8":"first","9":"instock","10":"shipping-taxable","11":"purchasable","12":"product-type-simple"},"_links":{"self":[{"href":"https:\/\/oladeco.sn\/index.php\/wp-json\/wp\/v2\/product\/30380","targetHints":{"allow":["GET"]}}],"collection":[{"href":"https:\/\/oladeco.sn\/index.php\/wp-json\/wp\/v2\/product"}],"about":[{"href":"https:\/\/oladeco.sn\/index.php\/wp-json\/wp\/v2\/types\/product"}],"version-history":[{"count":0,"href":"https:\/\/oladeco.sn\/index.php\/wp-json\/wp\/v2\/product\/30380\/revisions"}],"wp:featuredmedia":[{"embeddable":true,"href":"https:\/\/oladeco.sn\/index.php\/wp-json\/wp\/v2\/media\/30379"}],"wp:attachment":[{"href":"https:\/\/oladeco.sn\/index.php\/wp-json\/wp\/v2\/media?parent=30380"}],"wp:term":[{"taxonomy":"product_brand","embeddable":true,"href":"https:\/\/oladeco.sn\/index.php\/wp-json\/wp\/v2\/product_brand?post=30380"},{"taxonomy":"product_cat","embeddable":true,"href":"https:\/\/oladeco.sn\/index.php\/wp-json\/wp\/v2\/product_cat?post=30380"},{"taxonomy":"product_tag","embeddable":true,"href":"https:\/\/oladeco.sn\/index.php\/wp-json\/wp\/v2\/product_tag?post=30380"}],"curies":[{"name":"wp","href":"https:\/\/api.w.org\/{rel}","templated":true}]}}