{"id":30356,"date":"2026-04-24T01:26:51","date_gmt":"2026-04-24T01:26:51","guid":{"rendered":"https:\/\/oladeco.sn\/index.php\/product\/vase-transparent-versy\/"},"modified":"2026-04-24T01:26:56","modified_gmt":"2026-04-24T01:26:56","slug":"vase-transparent-versy","status":"publish","type":"product","link":"https:\/\/oladeco.sn\/index.php\/product\/vase-transparent-versy\/","title":{"rendered":"Vase transparent versy"},"content":{"rendered":"<p>Vase en verre clair<\/p>\n<p>Mettre des bouquets ou plantes pour embellir le vase<\/p>\n<p>Design clair avec une bande dor\u00e9 au milieu<\/p>\n<p>\u00c0 poser sur vos tables buffets ou \u00e9tag\u00e8res&#8230;<\/p>\n<p>Mati\u00e8re : verre<\/p>\n<p>Couleur : transparent \/ neutre<\/p>\n","protected":false},"excerpt":{"rendered":"<p>Vase en verre clair Mettre des bouquets ou plantes pour embellir le vase Design clair avec une bande dor\u00e9 au<\/p>\n","protected":false},"featured_media":30355,"template":"","meta":[],"product_brand":[],"product_cat":[77],"product_tag":[],"class_list":{"0":"post-30356","1":"product","2":"type-product","3":"status-publish","4":"has-post-thumbnail","6":"product_cat-decoration","8":"first","9":"instock","10":"shipping-taxable","11":"purchasable","12":"product-type-simple"},"_links":{"self":[{"href":"https:\/\/oladeco.sn\/index.php\/wp-json\/wp\/v2\/product\/30356","targetHints":{"allow":["GET"]}}],"collection":[{"href":"https:\/\/oladeco.sn\/index.php\/wp-json\/wp\/v2\/product"}],"about":[{"href":"https:\/\/oladeco.sn\/index.php\/wp-json\/wp\/v2\/types\/product"}],"version-history":[{"count":0,"href":"https:\/\/oladeco.sn\/index.php\/wp-json\/wp\/v2\/product\/30356\/revisions"}],"wp:featuredmedia":[{"embeddable":true,"href":"https:\/\/oladeco.sn\/index.php\/wp-json\/wp\/v2\/media\/30355"}],"wp:attachment":[{"href":"https:\/\/oladeco.sn\/index.php\/wp-json\/wp\/v2\/media?parent=30356"}],"wp:term":[{"taxonomy":"product_brand","embeddable":true,"href":"https:\/\/oladeco.sn\/index.php\/wp-json\/wp\/v2\/product_brand?post=30356"},{"taxonomy":"product_cat","embeddable":true,"href":"https:\/\/oladeco.sn\/index.php\/wp-json\/wp\/v2\/product_cat?post=30356"},{"taxonomy":"product_tag","embeddable":true,"href":"https:\/\/oladeco.sn\/index.php\/wp-json\/wp\/v2\/product_tag?post=30356"}],"curies":[{"name":"wp","href":"https:\/\/api.w.org\/{rel}","templated":true}]}}