{"id":30352,"date":"2026-04-24T01:10:52","date_gmt":"2026-04-24T01:10:52","guid":{"rendered":"https:\/\/oladeco.sn\/index.php\/product\/trio-vase-en-ceramique-lila\/"},"modified":"2026-04-26T20:11:01","modified_gmt":"2026-04-26T20:11:01","slug":"trio-vase-en-ceramique-lila","status":"publish","type":"product","link":"https:\/\/oladeco.sn\/index.php\/product\/trio-vase-en-ceramique-lila\/","title":{"rendered":"Trio Vase en c\u00e9ramique lila"},"content":{"rendered":"<p>Vase en c\u00e9ramique lila<\/p>\n<p>Trio de 3 pi\u00e8ces \u00e0 poser sur vos tables dans vos espaces priv\u00e9s<\/p>\n<p>Vase de couleur blanc avec des gravures pour sortir la beaut\u00e9 de la pierre<\/p>\n<p>Mod\u00e8le classique moderne<\/p>\n<p>Couleur : blanc cass\u00e9<\/p>\n","protected":false},"excerpt":{"rendered":"<p>Vase en c\u00e9ramique lila Trio de 3 pi\u00e8ces \u00e0 poser sur vos tables dans vos espaces priv\u00e9s Vase de couleur<\/p>\n","protected":false},"featured_media":30351,"template":"","meta":[],"product_brand":[],"product_cat":[77],"product_tag":[],"class_list":{"0":"post-30352","1":"product","2":"type-product","3":"status-publish","4":"has-post-thumbnail","6":"product_cat-decoration","8":"first","9":"instock","10":"shipping-taxable","11":"purchasable","12":"product-type-simple"},"_links":{"self":[{"href":"https:\/\/oladeco.sn\/index.php\/wp-json\/wp\/v2\/product\/30352","targetHints":{"allow":["GET"]}}],"collection":[{"href":"https:\/\/oladeco.sn\/index.php\/wp-json\/wp\/v2\/product"}],"about":[{"href":"https:\/\/oladeco.sn\/index.php\/wp-json\/wp\/v2\/types\/product"}],"version-history":[{"count":0,"href":"https:\/\/oladeco.sn\/index.php\/wp-json\/wp\/v2\/product\/30352\/revisions"}],"wp:featuredmedia":[{"embeddable":true,"href":"https:\/\/oladeco.sn\/index.php\/wp-json\/wp\/v2\/media\/30351"}],"wp:attachment":[{"href":"https:\/\/oladeco.sn\/index.php\/wp-json\/wp\/v2\/media?parent=30352"}],"wp:term":[{"taxonomy":"product_brand","embeddable":true,"href":"https:\/\/oladeco.sn\/index.php\/wp-json\/wp\/v2\/product_brand?post=30352"},{"taxonomy":"product_cat","embeddable":true,"href":"https:\/\/oladeco.sn\/index.php\/wp-json\/wp\/v2\/product_cat?post=30352"},{"taxonomy":"product_tag","embeddable":true,"href":"https:\/\/oladeco.sn\/index.php\/wp-json\/wp\/v2\/product_tag?post=30352"}],"curies":[{"name":"wp","href":"https:\/\/api.w.org\/{rel}","templated":true}]}}