{"id":30349,"date":"2026-04-24T00:55:42","date_gmt":"2026-04-24T00:55:42","guid":{"rendered":"https:\/\/oladeco.sn\/index.php\/product\/verre-a-the-lav-6pieces\/"},"modified":"2026-04-24T00:55:46","modified_gmt":"2026-04-24T00:55:46","slug":"verre-a-the-lav-6pieces","status":"publish","type":"product","link":"https:\/\/oladeco.sn\/index.php\/product\/verre-a-the-lav-6pieces\/","title":{"rendered":"Verre \u00e0 th\u00e9 LAV 6pieces"},"content":{"rendered":"<p>Verre \u00e0 th\u00e9 en verre clair<\/p>\n<p>Pour moment de prise de th\u00e9 en famille ou entre amis<\/p>\n<p>Couleur : clair \/ transparent<\/p>\n<p>Mati\u00e8re : verre<\/p>\n","protected":false},"excerpt":{"rendered":"<p>Verre \u00e0 th\u00e9 en verre clair Pour moment de prise de th\u00e9 en famille ou entre amis Couleur : clair<\/p>\n","protected":false},"featured_media":30347,"template":"","meta":[],"product_brand":[],"product_cat":[78],"product_tag":[],"class_list":{"0":"post-30349","1":"product","2":"type-product","3":"status-publish","4":"has-post-thumbnail","6":"product_cat-vaisselle","8":"first","9":"instock","10":"shipping-taxable","11":"purchasable","12":"product-type-simple"},"_links":{"self":[{"href":"https:\/\/oladeco.sn\/index.php\/wp-json\/wp\/v2\/product\/30349","targetHints":{"allow":["GET"]}}],"collection":[{"href":"https:\/\/oladeco.sn\/index.php\/wp-json\/wp\/v2\/product"}],"about":[{"href":"https:\/\/oladeco.sn\/index.php\/wp-json\/wp\/v2\/types\/product"}],"version-history":[{"count":0,"href":"https:\/\/oladeco.sn\/index.php\/wp-json\/wp\/v2\/product\/30349\/revisions"}],"wp:featuredmedia":[{"embeddable":true,"href":"https:\/\/oladeco.sn\/index.php\/wp-json\/wp\/v2\/media\/30347"}],"wp:attachment":[{"href":"https:\/\/oladeco.sn\/index.php\/wp-json\/wp\/v2\/media?parent=30349"}],"wp:term":[{"taxonomy":"product_brand","embeddable":true,"href":"https:\/\/oladeco.sn\/index.php\/wp-json\/wp\/v2\/product_brand?post=30349"},{"taxonomy":"product_cat","embeddable":true,"href":"https:\/\/oladeco.sn\/index.php\/wp-json\/wp\/v2\/product_cat?post=30349"},{"taxonomy":"product_tag","embeddable":true,"href":"https:\/\/oladeco.sn\/index.php\/wp-json\/wp\/v2\/product_tag?post=30349"}],"curies":[{"name":"wp","href":"https:\/\/api.w.org\/{rel}","templated":true}]}}