{"id":30343,"date":"2026-04-24T00:44:31","date_gmt":"2026-04-24T00:44:31","guid":{"rendered":"https:\/\/oladeco.sn\/index.php\/product\/vase-en-ceramique-vivo\/"},"modified":"2026-04-26T20:10:44","modified_gmt":"2026-04-26T20:10:44","slug":"vase-en-ceramique-vivo","status":"publish","type":"product","link":"https:\/\/oladeco.sn\/index.php\/product\/vase-en-ceramique-vivo\/","title":{"rendered":"Vase en c\u00e9ramique vivo"},"content":{"rendered":"<p>Vase en c\u00e9ramique<\/p>\n<p>Couleur bleu<\/p>\n<p>\u00c0 poser sur vos tables buffets salon ou \u00e9tag\u00e8re&#8230;<\/p>\n","protected":false},"excerpt":{"rendered":"<p>Vase en c\u00e9ramique Couleur bleu \u00c0 poser sur vos tables buffets salon ou \u00e9tag\u00e8re&#8230;<\/p>\n","protected":false},"featured_media":30341,"template":"","meta":[],"product_brand":[],"product_cat":[77],"product_tag":[],"class_list":{"0":"post-30343","1":"product","2":"type-product","3":"status-publish","4":"has-post-thumbnail","6":"product_cat-decoration","8":"first","9":"instock","10":"shipping-taxable","11":"purchasable","12":"product-type-simple"},"_links":{"self":[{"href":"https:\/\/oladeco.sn\/index.php\/wp-json\/wp\/v2\/product\/30343","targetHints":{"allow":["GET"]}}],"collection":[{"href":"https:\/\/oladeco.sn\/index.php\/wp-json\/wp\/v2\/product"}],"about":[{"href":"https:\/\/oladeco.sn\/index.php\/wp-json\/wp\/v2\/types\/product"}],"version-history":[{"count":0,"href":"https:\/\/oladeco.sn\/index.php\/wp-json\/wp\/v2\/product\/30343\/revisions"}],"wp:featuredmedia":[{"embeddable":true,"href":"https:\/\/oladeco.sn\/index.php\/wp-json\/wp\/v2\/media\/30341"}],"wp:attachment":[{"href":"https:\/\/oladeco.sn\/index.php\/wp-json\/wp\/v2\/media?parent=30343"}],"wp:term":[{"taxonomy":"product_brand","embeddable":true,"href":"https:\/\/oladeco.sn\/index.php\/wp-json\/wp\/v2\/product_brand?post=30343"},{"taxonomy":"product_cat","embeddable":true,"href":"https:\/\/oladeco.sn\/index.php\/wp-json\/wp\/v2\/product_cat?post=30343"},{"taxonomy":"product_tag","embeddable":true,"href":"https:\/\/oladeco.sn\/index.php\/wp-json\/wp\/v2\/product_tag?post=30343"}],"curies":[{"name":"wp","href":"https:\/\/api.w.org\/{rel}","templated":true}]}}