{"id":30231,"date":"2026-04-23T22:29:19","date_gmt":"2026-04-23T22:29:19","guid":{"rendered":"https:\/\/oladeco.sn\/index.php\/product\/petits-bols-8-compartiments\/"},"modified":"2026-04-23T22:29:22","modified_gmt":"2026-04-23T22:29:22","slug":"petits-bols-8-compartiments","status":"publish","type":"product","link":"https:\/\/oladeco.sn\/index.php\/product\/petits-bols-8-compartiments\/","title":{"rendered":"Petits bols 8 compartiments"},"content":{"rendered":"<p>R\u00e9cipient pour vos sauces ou amuse-bouch<span>e<\/span><\/p>\n<p><span>con\u00e7u pour pr\u00e9senter des mets raffin\u00e9s en bouch\u00e9e<\/span><\/p>\n<p>Nom: brobary<\/p>\n<p>Mati\u00e8re : verre<\/p>\n","protected":false},"excerpt":{"rendered":"<p>R\u00e9cipient pour vos sauces ou amuse-bouche con\u00e7u pour pr\u00e9senter des mets raffin\u00e9s en bouch\u00e9e Nom: brobary Mati\u00e8re : verre<\/p>\n","protected":false},"featured_media":30226,"template":"","meta":[],"product_brand":[],"product_cat":[78],"product_tag":[],"class_list":{"0":"post-30231","1":"product","2":"type-product","3":"status-publish","4":"has-post-thumbnail","6":"product_cat-vaisselle","8":"first","9":"instock","10":"shipping-taxable","11":"purchasable","12":"product-type-simple"},"_links":{"self":[{"href":"https:\/\/oladeco.sn\/index.php\/wp-json\/wp\/v2\/product\/30231","targetHints":{"allow":["GET"]}}],"collection":[{"href":"https:\/\/oladeco.sn\/index.php\/wp-json\/wp\/v2\/product"}],"about":[{"href":"https:\/\/oladeco.sn\/index.php\/wp-json\/wp\/v2\/types\/product"}],"version-history":[{"count":0,"href":"https:\/\/oladeco.sn\/index.php\/wp-json\/wp\/v2\/product\/30231\/revisions"}],"wp:featuredmedia":[{"embeddable":true,"href":"https:\/\/oladeco.sn\/index.php\/wp-json\/wp\/v2\/media\/30226"}],"wp:attachment":[{"href":"https:\/\/oladeco.sn\/index.php\/wp-json\/wp\/v2\/media?parent=30231"}],"wp:term":[{"taxonomy":"product_brand","embeddable":true,"href":"https:\/\/oladeco.sn\/index.php\/wp-json\/wp\/v2\/product_brand?post=30231"},{"taxonomy":"product_cat","embeddable":true,"href":"https:\/\/oladeco.sn\/index.php\/wp-json\/wp\/v2\/product_cat?post=30231"},{"taxonomy":"product_tag","embeddable":true,"href":"https:\/\/oladeco.sn\/index.php\/wp-json\/wp\/v2\/product_tag?post=30231"}],"curies":[{"name":"wp","href":"https:\/\/api.w.org\/{rel}","templated":true}]}}