{"id":30198,"date":"2026-04-23T20:36:01","date_gmt":"2026-04-23T20:36:01","guid":{"rendered":"https:\/\/oladeco.sn\/index.php\/product\/ensemble-couverture-et-2-taies-doreiller-en-velours\/"},"modified":"2026-04-23T20:36:04","modified_gmt":"2026-04-23T20:36:04","slug":"ensemble-couverture-et-2-taies-doreiller-en-velours","status":"publish","type":"product","link":"https:\/\/oladeco.sn\/index.php\/product\/ensemble-couverture-et-2-taies-doreiller-en-velours\/","title":{"rendered":"Ensemble couverture et 2 taies d\u2019oreiller en velours"},"content":{"rendered":"<p>Ensemble Couverture et 2 taies d&rsquo;oreiller<\/p>\n<p>Couleur : saumon<\/p>\n<p>Mati\u00e8re : velours et coton<\/p>\n<p>Tissu tr\u00e8s soyeux, maintient la  temp\u00e9rature corporelle stable<\/p>\n","protected":false},"excerpt":{"rendered":"<p>Ensemble Couverture et 2 taies d&rsquo;oreiller Couleur : saumon Mati\u00e8re : velours et coton Tissu tr\u00e8s soyeux, maintient la temp\u00e9rature<\/p>\n","protected":false},"featured_media":30197,"template":"","meta":[],"product_brand":[],"product_cat":[80],"product_tag":[],"class_list":{"0":"post-30198","1":"product","2":"type-product","3":"status-publish","4":"has-post-thumbnail","6":"product_cat-linge-de-maison","8":"first","9":"instock","10":"shipping-taxable","11":"purchasable","12":"product-type-simple"},"_links":{"self":[{"href":"https:\/\/oladeco.sn\/index.php\/wp-json\/wp\/v2\/product\/30198","targetHints":{"allow":["GET"]}}],"collection":[{"href":"https:\/\/oladeco.sn\/index.php\/wp-json\/wp\/v2\/product"}],"about":[{"href":"https:\/\/oladeco.sn\/index.php\/wp-json\/wp\/v2\/types\/product"}],"version-history":[{"count":0,"href":"https:\/\/oladeco.sn\/index.php\/wp-json\/wp\/v2\/product\/30198\/revisions"}],"wp:featuredmedia":[{"embeddable":true,"href":"https:\/\/oladeco.sn\/index.php\/wp-json\/wp\/v2\/media\/30197"}],"wp:attachment":[{"href":"https:\/\/oladeco.sn\/index.php\/wp-json\/wp\/v2\/media?parent=30198"}],"wp:term":[{"taxonomy":"product_brand","embeddable":true,"href":"https:\/\/oladeco.sn\/index.php\/wp-json\/wp\/v2\/product_brand?post=30198"},{"taxonomy":"product_cat","embeddable":true,"href":"https:\/\/oladeco.sn\/index.php\/wp-json\/wp\/v2\/product_cat?post=30198"},{"taxonomy":"product_tag","embeddable":true,"href":"https:\/\/oladeco.sn\/index.php\/wp-json\/wp\/v2\/product_tag?post=30198"}],"curies":[{"name":"wp","href":"https:\/\/api.w.org\/{rel}","templated":true}]}}