{"id":30191,"date":"2026-04-23T04:48:25","date_gmt":"2026-04-23T04:48:25","guid":{"rendered":"https:\/\/oladeco.sn\/index.php\/product\/serviette-ocean\/"},"modified":"2026-04-23T04:54:01","modified_gmt":"2026-04-23T04:54:01","slug":"serviette-ocean","status":"publish","type":"product","link":"https:\/\/oladeco.sn\/index.php\/product\/serviette-ocean\/","title":{"rendered":"Serviette oc\u00e9an"},"content":{"rendered":"<p>En motif tr\u00e9sor des oceans<\/p>\n<p>Mati\u00e8re de tr\u00e8s bonne qualit\u00e9<\/p>\n<p>Serviette de bain en coton id\u00e9al pour vos sorties de bain douche ou plage<\/p>\n<p>Couleur : bleu clair gris blanc beige marron<\/p>\n","protected":false},"excerpt":{"rendered":"<p>En motif tr\u00e9sor des oceans Mati\u00e8re de tr\u00e8s bonne qualit\u00e9 Serviette de bain en coton id\u00e9al pour vos sorties de<\/p>\n","protected":false},"featured_media":30190,"template":"","meta":[],"product_brand":[],"product_cat":[80],"product_tag":[],"class_list":{"0":"post-30191","1":"product","2":"type-product","3":"status-publish","4":"has-post-thumbnail","6":"product_cat-linge-de-maison","8":"first","9":"instock","10":"shipping-taxable","11":"purchasable","12":"product-type-simple"},"_links":{"self":[{"href":"https:\/\/oladeco.sn\/index.php\/wp-json\/wp\/v2\/product\/30191","targetHints":{"allow":["GET"]}}],"collection":[{"href":"https:\/\/oladeco.sn\/index.php\/wp-json\/wp\/v2\/product"}],"about":[{"href":"https:\/\/oladeco.sn\/index.php\/wp-json\/wp\/v2\/types\/product"}],"version-history":[{"count":0,"href":"https:\/\/oladeco.sn\/index.php\/wp-json\/wp\/v2\/product\/30191\/revisions"}],"wp:featuredmedia":[{"embeddable":true,"href":"https:\/\/oladeco.sn\/index.php\/wp-json\/wp\/v2\/media\/30190"}],"wp:attachment":[{"href":"https:\/\/oladeco.sn\/index.php\/wp-json\/wp\/v2\/media?parent=30191"}],"wp:term":[{"taxonomy":"product_brand","embeddable":true,"href":"https:\/\/oladeco.sn\/index.php\/wp-json\/wp\/v2\/product_brand?post=30191"},{"taxonomy":"product_cat","embeddable":true,"href":"https:\/\/oladeco.sn\/index.php\/wp-json\/wp\/v2\/product_cat?post=30191"},{"taxonomy":"product_tag","embeddable":true,"href":"https:\/\/oladeco.sn\/index.php\/wp-json\/wp\/v2\/product_tag?post=30191"}],"curies":[{"name":"wp","href":"https:\/\/api.w.org\/{rel}","templated":true}]}}