{"id":30176,"date":"2026-04-23T04:32:54","date_gmt":"2026-04-23T04:32:54","guid":{"rendered":"https:\/\/oladeco.sn\/index.php\/product\/serviette-de-bain-classique-bermude\/"},"modified":"2026-04-23T04:32:58","modified_gmt":"2026-04-23T04:32:58","slug":"serviette-de-bain-classique-bermude","status":"publish","type":"product","link":"https:\/\/oladeco.sn\/index.php\/product\/serviette-de-bain-classique-bermude\/","title":{"rendered":"Serviette de bain classique bermude"},"content":{"rendered":"<p>Des serviettes de tr\u00e8s bonne qualit\u00e9<\/p>\n<p>Choisissez nos serviettes pour leur qualit\u00e9 sup\u00e9rieure<\/p>\n<p>Couleur : Marron clair<\/p>\n","protected":false},"excerpt":{"rendered":"<p>Des serviettes de tr\u00e8s bonne qualit\u00e9 Choisissez nos serviettes pour leur qualit\u00e9 sup\u00e9rieure Couleur : Marron clair<\/p>\n","protected":false},"featured_media":30175,"template":"","meta":[],"product_brand":[],"product_cat":[80],"product_tag":[],"class_list":{"0":"post-30176","1":"product","2":"type-product","3":"status-publish","4":"has-post-thumbnail","6":"product_cat-linge-de-maison","8":"first","9":"instock","10":"shipping-taxable","11":"purchasable","12":"product-type-simple"},"_links":{"self":[{"href":"https:\/\/oladeco.sn\/index.php\/wp-json\/wp\/v2\/product\/30176","targetHints":{"allow":["GET"]}}],"collection":[{"href":"https:\/\/oladeco.sn\/index.php\/wp-json\/wp\/v2\/product"}],"about":[{"href":"https:\/\/oladeco.sn\/index.php\/wp-json\/wp\/v2\/types\/product"}],"version-history":[{"count":0,"href":"https:\/\/oladeco.sn\/index.php\/wp-json\/wp\/v2\/product\/30176\/revisions"}],"wp:featuredmedia":[{"embeddable":true,"href":"https:\/\/oladeco.sn\/index.php\/wp-json\/wp\/v2\/media\/30175"}],"wp:attachment":[{"href":"https:\/\/oladeco.sn\/index.php\/wp-json\/wp\/v2\/media?parent=30176"}],"wp:term":[{"taxonomy":"product_brand","embeddable":true,"href":"https:\/\/oladeco.sn\/index.php\/wp-json\/wp\/v2\/product_brand?post=30176"},{"taxonomy":"product_cat","embeddable":true,"href":"https:\/\/oladeco.sn\/index.php\/wp-json\/wp\/v2\/product_cat?post=30176"},{"taxonomy":"product_tag","embeddable":true,"href":"https:\/\/oladeco.sn\/index.php\/wp-json\/wp\/v2\/product_tag?post=30176"}],"curies":[{"name":"wp","href":"https:\/\/api.w.org\/{rel}","templated":true}]}}