{"id":30170,"date":"2026-04-23T04:26:50","date_gmt":"2026-04-23T04:26:50","guid":{"rendered":"https:\/\/oladeco.sn\/index.php\/product\/serviette-de-bain\/"},"modified":"2026-04-23T04:26:53","modified_gmt":"2026-04-23T04:26:53","slug":"serviette-de-bain","status":"publish","type":"product","link":"https:\/\/oladeco.sn\/index.php\/product\/serviette-de-bain\/","title":{"rendered":"Serviette de bain"},"content":{"rendered":"<p>En forme rectangulaire , mati\u00e8re tr\u00e8s absorbante<\/p>\n<p>Con\u00e7u pour vos utilisations apr\u00e8s chaque bain ou douche<\/p>\n<p>Couleur: gris fonc\u00e9 gris clair marron blanc<\/p>\n","protected":false},"excerpt":{"rendered":"<p>En forme rectangulaire , mati\u00e8re tr\u00e8s absorbante Con\u00e7u pour vos utilisations apr\u00e8s chaque bain ou douche Couleur: gris fonc\u00e9 gris<\/p>\n","protected":false},"featured_media":30168,"template":"","meta":[],"product_brand":[],"product_cat":[80],"product_tag":[],"class_list":{"0":"post-30170","1":"product","2":"type-product","3":"status-publish","4":"has-post-thumbnail","6":"product_cat-linge-de-maison","8":"first","9":"instock","10":"shipping-taxable","11":"purchasable","12":"product-type-simple"},"_links":{"self":[{"href":"https:\/\/oladeco.sn\/index.php\/wp-json\/wp\/v2\/product\/30170","targetHints":{"allow":["GET"]}}],"collection":[{"href":"https:\/\/oladeco.sn\/index.php\/wp-json\/wp\/v2\/product"}],"about":[{"href":"https:\/\/oladeco.sn\/index.php\/wp-json\/wp\/v2\/types\/product"}],"version-history":[{"count":0,"href":"https:\/\/oladeco.sn\/index.php\/wp-json\/wp\/v2\/product\/30170\/revisions"}],"wp:featuredmedia":[{"embeddable":true,"href":"https:\/\/oladeco.sn\/index.php\/wp-json\/wp\/v2\/media\/30168"}],"wp:attachment":[{"href":"https:\/\/oladeco.sn\/index.php\/wp-json\/wp\/v2\/media?parent=30170"}],"wp:term":[{"taxonomy":"product_brand","embeddable":true,"href":"https:\/\/oladeco.sn\/index.php\/wp-json\/wp\/v2\/product_brand?post=30170"},{"taxonomy":"product_cat","embeddable":true,"href":"https:\/\/oladeco.sn\/index.php\/wp-json\/wp\/v2\/product_cat?post=30170"},{"taxonomy":"product_tag","embeddable":true,"href":"https:\/\/oladeco.sn\/index.php\/wp-json\/wp\/v2\/product_tag?post=30170"}],"curies":[{"name":"wp","href":"https:\/\/api.w.org\/{rel}","templated":true}]}}