{"id":30167,"date":"2026-04-23T04:23:12","date_gmt":"2026-04-23T04:23:12","guid":{"rendered":"https:\/\/oladeco.sn\/index.php\/product\/serviette-de-bain-soleil\/"},"modified":"2026-04-23T04:23:34","modified_gmt":"2026-04-23T04:23:34","slug":"serviette-de-bain-soleil","status":"publish","type":"product","link":"https:\/\/oladeco.sn\/index.php\/product\/serviette-de-bain-soleil\/","title":{"rendered":"Serviette de bain soleil"},"content":{"rendered":"<p>Tr\u00e8s absorbant<\/p>\n<p>En forme rectangulaire  , elle s\u00e8che  bien le corps apr\u00e8s chaque douche ou bain<\/p>\n<p>Qualit\u00e9 super confortable sur la peau<\/p>\n<p>Couleur : jaune moutarde<\/p>\n","protected":false},"excerpt":{"rendered":"<p>Tr\u00e8s absorbant En forme rectangulaire , elle s\u00e8che bien le corps apr\u00e8s chaque douche ou bain Qualit\u00e9 super confortable sur<\/p>\n","protected":false},"featured_media":30166,"template":"","meta":[],"product_brand":[],"product_cat":[80],"product_tag":[],"class_list":{"0":"post-30167","1":"product","2":"type-product","3":"status-publish","4":"has-post-thumbnail","6":"product_cat-linge-de-maison","8":"first","9":"instock","10":"shipping-taxable","11":"purchasable","12":"product-type-simple"},"_links":{"self":[{"href":"https:\/\/oladeco.sn\/index.php\/wp-json\/wp\/v2\/product\/30167","targetHints":{"allow":["GET"]}}],"collection":[{"href":"https:\/\/oladeco.sn\/index.php\/wp-json\/wp\/v2\/product"}],"about":[{"href":"https:\/\/oladeco.sn\/index.php\/wp-json\/wp\/v2\/types\/product"}],"version-history":[{"count":0,"href":"https:\/\/oladeco.sn\/index.php\/wp-json\/wp\/v2\/product\/30167\/revisions"}],"wp:featuredmedia":[{"embeddable":true,"href":"https:\/\/oladeco.sn\/index.php\/wp-json\/wp\/v2\/media\/30166"}],"wp:attachment":[{"href":"https:\/\/oladeco.sn\/index.php\/wp-json\/wp\/v2\/media?parent=30167"}],"wp:term":[{"taxonomy":"product_brand","embeddable":true,"href":"https:\/\/oladeco.sn\/index.php\/wp-json\/wp\/v2\/product_brand?post=30167"},{"taxonomy":"product_cat","embeddable":true,"href":"https:\/\/oladeco.sn\/index.php\/wp-json\/wp\/v2\/product_cat?post=30167"},{"taxonomy":"product_tag","embeddable":true,"href":"https:\/\/oladeco.sn\/index.php\/wp-json\/wp\/v2\/product_tag?post=30167"}],"curies":[{"name":"wp","href":"https:\/\/api.w.org\/{rel}","templated":true}]}}