{"id":30164,"date":"2026-04-23T04:14:56","date_gmt":"2026-04-23T04:14:56","guid":{"rendered":"https:\/\/oladeco.sn\/index.php\/product\/grande-serviette-de-toilette-clochette\/"},"modified":"2026-04-23T04:15:18","modified_gmt":"2026-04-23T04:15:18","slug":"grande-serviette-de-toilette-clochette","status":"publish","type":"product","link":"https:\/\/oladeco.sn\/index.php\/product\/grande-serviette-de-toilette-clochette\/","title":{"rendered":"Grande serviette de toilette clochette"},"content":{"rendered":"<p>En forme rectangulaire , elle s\u00e8che bien le corps apr\u00e8s chaque douche ou bain<\/p>\n<p>En quantit\u00e9 super et tr\u00e8s doux sur la peau<\/p>\n<p>Couleur : rouge \/ en file dor\u00e9<\/p>\n","protected":false},"excerpt":{"rendered":"<p>En forme rectangulaire , elle s\u00e8che bien le corps apr\u00e8s chaque douche ou bain En quantit\u00e9 super et tr\u00e8s doux<\/p>\n","protected":false},"featured_media":30163,"template":"","meta":[],"product_brand":[],"product_cat":[80],"product_tag":[],"class_list":{"0":"post-30164","1":"product","2":"type-product","3":"status-publish","4":"has-post-thumbnail","6":"product_cat-linge-de-maison","8":"first","9":"instock","10":"shipping-taxable","11":"purchasable","12":"product-type-simple"},"_links":{"self":[{"href":"https:\/\/oladeco.sn\/index.php\/wp-json\/wp\/v2\/product\/30164","targetHints":{"allow":["GET"]}}],"collection":[{"href":"https:\/\/oladeco.sn\/index.php\/wp-json\/wp\/v2\/product"}],"about":[{"href":"https:\/\/oladeco.sn\/index.php\/wp-json\/wp\/v2\/types\/product"}],"version-history":[{"count":0,"href":"https:\/\/oladeco.sn\/index.php\/wp-json\/wp\/v2\/product\/30164\/revisions"}],"wp:featuredmedia":[{"embeddable":true,"href":"https:\/\/oladeco.sn\/index.php\/wp-json\/wp\/v2\/media\/30163"}],"wp:attachment":[{"href":"https:\/\/oladeco.sn\/index.php\/wp-json\/wp\/v2\/media?parent=30164"}],"wp:term":[{"taxonomy":"product_brand","embeddable":true,"href":"https:\/\/oladeco.sn\/index.php\/wp-json\/wp\/v2\/product_brand?post=30164"},{"taxonomy":"product_cat","embeddable":true,"href":"https:\/\/oladeco.sn\/index.php\/wp-json\/wp\/v2\/product_cat?post=30164"},{"taxonomy":"product_tag","embeddable":true,"href":"https:\/\/oladeco.sn\/index.php\/wp-json\/wp\/v2\/product_tag?post=30164"}],"curies":[{"name":"wp","href":"https:\/\/api.w.org\/{rel}","templated":true}]}}