{"id":30156,"date":"2026-04-23T04:02:08","date_gmt":"2026-04-23T04:02:08","guid":{"rendered":"https:\/\/oladeco.sn\/index.php\/product\/ensemble-8-serviettes-4-grandes-4-petites-burgy\/"},"modified":"2026-04-23T15:11:22","modified_gmt":"2026-04-23T15:11:22","slug":"ensemble-8-serviettes-4-grandes-4-petites-burgy","status":"publish","type":"product","link":"https:\/\/oladeco.sn\/index.php\/product\/ensemble-8-serviettes-4-grandes-4-petites-burgy\/","title":{"rendered":"Ensemble 8 serviettes 2 grandes 2 petites 4 serviettes visageBurgy"},"content":{"rendered":"<p>Ensemble de 8 serviettes de Bain<\/p>\n<p>2 grandes et 2 petites 4 serviettes pour le visage<\/p>\n<p>Couleur: rouge Bordeaux<\/p>\n<p>Absorbe tr\u00e8s bien l&rsquo;humidite et en tr\u00e8s bonne qualit\u00e9 de tissu en cotton .<\/p>\n","protected":false},"excerpt":{"rendered":"<p>Ensemble de 8 serviettes de Bain 2 grandes et 2 petites 4 serviettes pour le visage Couleur: rouge Bordeaux Absorbe<\/p>\n","protected":false},"featured_media":30155,"template":"","meta":[],"product_brand":[],"product_cat":[80],"product_tag":[],"class_list":{"0":"post-30156","1":"product","2":"type-product","3":"status-publish","4":"has-post-thumbnail","6":"product_cat-linge-de-maison","8":"first","9":"instock","10":"shipping-taxable","11":"purchasable","12":"product-type-simple"},"_links":{"self":[{"href":"https:\/\/oladeco.sn\/index.php\/wp-json\/wp\/v2\/product\/30156","targetHints":{"allow":["GET"]}}],"collection":[{"href":"https:\/\/oladeco.sn\/index.php\/wp-json\/wp\/v2\/product"}],"about":[{"href":"https:\/\/oladeco.sn\/index.php\/wp-json\/wp\/v2\/types\/product"}],"version-history":[{"count":1,"href":"https:\/\/oladeco.sn\/index.php\/wp-json\/wp\/v2\/product\/30156\/revisions"}],"predecessor-version":[{"id":30195,"href":"https:\/\/oladeco.sn\/index.php\/wp-json\/wp\/v2\/product\/30156\/revisions\/30195"}],"wp:featuredmedia":[{"embeddable":true,"href":"https:\/\/oladeco.sn\/index.php\/wp-json\/wp\/v2\/media\/30155"}],"wp:attachment":[{"href":"https:\/\/oladeco.sn\/index.php\/wp-json\/wp\/v2\/media?parent=30156"}],"wp:term":[{"taxonomy":"product_brand","embeddable":true,"href":"https:\/\/oladeco.sn\/index.php\/wp-json\/wp\/v2\/product_brand?post=30156"},{"taxonomy":"product_cat","embeddable":true,"href":"https:\/\/oladeco.sn\/index.php\/wp-json\/wp\/v2\/product_cat?post=30156"},{"taxonomy":"product_tag","embeddable":true,"href":"https:\/\/oladeco.sn\/index.php\/wp-json\/wp\/v2\/product_tag?post=30156"}],"curies":[{"name":"wp","href":"https:\/\/api.w.org\/{rel}","templated":true}]}}