{"id":30151,"date":"2026-04-21T23:00:24","date_gmt":"2026-04-21T23:00:24","guid":{"rendered":"https:\/\/oladeco.sn\/index.php\/product\/plateau-de-service\/"},"modified":"2026-04-21T23:00:31","modified_gmt":"2026-04-21T23:00:31","slug":"plateau-de-service","status":"publish","type":"product","link":"https:\/\/oladeco.sn\/index.php\/product\/plateau-de-service\/","title":{"rendered":"Plateau de service"},"content":{"rendered":"<p>Plateau pour servir vos amuse-bouches<\/p>\n<p>Mati\u00e8re: porcelaine<\/p>\n<p>Couleur : beige<\/p>\n<p><span>Utilis\u00e9 pour pr\u00e9senter et servir les aliments \u00e0 table, souvent partag\u00e9 entre plusieurs convives<\/span><\/p>\n","protected":false},"excerpt":{"rendered":"<p>Plateau pour servir vos amuse-bouches Mati\u00e8re: porcelaine Couleur : beige Utilis\u00e9 pour pr\u00e9senter et servir les aliments \u00e0 table, souvent<\/p>\n","protected":false},"featured_media":30149,"template":"","meta":[],"product_brand":[],"product_cat":[78],"product_tag":[],"class_list":{"0":"post-30151","1":"product","2":"type-product","3":"status-publish","4":"has-post-thumbnail","6":"product_cat-vaisselle","8":"first","9":"instock","10":"shipping-taxable","11":"purchasable","12":"product-type-simple"},"_links":{"self":[{"href":"https:\/\/oladeco.sn\/index.php\/wp-json\/wp\/v2\/product\/30151","targetHints":{"allow":["GET"]}}],"collection":[{"href":"https:\/\/oladeco.sn\/index.php\/wp-json\/wp\/v2\/product"}],"about":[{"href":"https:\/\/oladeco.sn\/index.php\/wp-json\/wp\/v2\/types\/product"}],"version-history":[{"count":0,"href":"https:\/\/oladeco.sn\/index.php\/wp-json\/wp\/v2\/product\/30151\/revisions"}],"wp:featuredmedia":[{"embeddable":true,"href":"https:\/\/oladeco.sn\/index.php\/wp-json\/wp\/v2\/media\/30149"}],"wp:attachment":[{"href":"https:\/\/oladeco.sn\/index.php\/wp-json\/wp\/v2\/media?parent=30151"}],"wp:term":[{"taxonomy":"product_brand","embeddable":true,"href":"https:\/\/oladeco.sn\/index.php\/wp-json\/wp\/v2\/product_brand?post=30151"},{"taxonomy":"product_cat","embeddable":true,"href":"https:\/\/oladeco.sn\/index.php\/wp-json\/wp\/v2\/product_cat?post=30151"},{"taxonomy":"product_tag","embeddable":true,"href":"https:\/\/oladeco.sn\/index.php\/wp-json\/wp\/v2\/product_tag?post=30151"}],"curies":[{"name":"wp","href":"https:\/\/api.w.org\/{rel}","templated":true}]}}