{"id":30147,"date":"2026-04-21T22:52:36","date_gmt":"2026-04-21T22:52:36","guid":{"rendered":"https:\/\/oladeco.sn\/index.php\/product\/tasse-ensemble-6-pieces\/"},"modified":"2026-04-21T22:52:40","modified_gmt":"2026-04-21T22:52:40","slug":"tasse-ensemble-6-pieces","status":"publish","type":"product","link":"https:\/\/oladeco.sn\/index.php\/product\/tasse-ensemble-6-pieces\/","title":{"rendered":"Tasse ensemble 6 pieces"},"content":{"rendered":"<p>Tasse en c\u00e9ramique en mixage de 6 couleurs<\/p>\n<p>Couleur : Noir Rouge Rose Beige vert bleu<\/p>\n<p>Mati\u00e8re: c\u00e9ramique<\/p>\n<p>Ideal pour vos caf\u00e9 th\u00e9 ou autres boissons chaudes<\/p>\n<p>Nom : Rainbow<\/p>\n","protected":false},"excerpt":{"rendered":"<p>Tasse en c\u00e9ramique en mixage de 6 couleurs Couleur : Noir Rouge Rose Beige vert bleu Mati\u00e8re: c\u00e9ramique Ideal pour<\/p>\n","protected":false},"featured_media":30146,"template":"","meta":[],"product_brand":[],"product_cat":[78],"product_tag":[],"class_list":{"0":"post-30147","1":"product","2":"type-product","3":"status-publish","4":"has-post-thumbnail","6":"product_cat-vaisselle","8":"first","9":"instock","10":"shipping-taxable","11":"purchasable","12":"product-type-simple"},"_links":{"self":[{"href":"https:\/\/oladeco.sn\/index.php\/wp-json\/wp\/v2\/product\/30147","targetHints":{"allow":["GET"]}}],"collection":[{"href":"https:\/\/oladeco.sn\/index.php\/wp-json\/wp\/v2\/product"}],"about":[{"href":"https:\/\/oladeco.sn\/index.php\/wp-json\/wp\/v2\/types\/product"}],"version-history":[{"count":0,"href":"https:\/\/oladeco.sn\/index.php\/wp-json\/wp\/v2\/product\/30147\/revisions"}],"wp:featuredmedia":[{"embeddable":true,"href":"https:\/\/oladeco.sn\/index.php\/wp-json\/wp\/v2\/media\/30146"}],"wp:attachment":[{"href":"https:\/\/oladeco.sn\/index.php\/wp-json\/wp\/v2\/media?parent=30147"}],"wp:term":[{"taxonomy":"product_brand","embeddable":true,"href":"https:\/\/oladeco.sn\/index.php\/wp-json\/wp\/v2\/product_brand?post=30147"},{"taxonomy":"product_cat","embeddable":true,"href":"https:\/\/oladeco.sn\/index.php\/wp-json\/wp\/v2\/product_cat?post=30147"},{"taxonomy":"product_tag","embeddable":true,"href":"https:\/\/oladeco.sn\/index.php\/wp-json\/wp\/v2\/product_tag?post=30147"}],"curies":[{"name":"wp","href":"https:\/\/api.w.org\/{rel}","templated":true}]}}