{"id":30141,"date":"2026-04-21T22:32:17","date_gmt":"2026-04-21T22:32:17","guid":{"rendered":"https:\/\/oladeco.sn\/index.php\/product\/ensemble-4-mugs\/"},"modified":"2026-04-21T22:32:21","modified_gmt":"2026-04-21T22:32:21","slug":"ensemble-4-mugs","status":"publish","type":"product","link":"https:\/\/oladeco.sn\/index.php\/product\/ensemble-4-mugs\/","title":{"rendered":"Ensemble 4 Mugs"},"content":{"rendered":"<p>Ensemble de 4 mugs en c\u00e9ramique<\/p>\n<p>Vendu par 4 pi\u00e8ces<\/p>\n<p><mark class=\"HxTRcb\" data-sfc-root=\"c\" data-sfc-cb=\"\" data-processed=\"true\" style=\"color:var(--jINu6c);border-radius:4px;background-image;background-position-x;background-position-y;background-size:200% 100%;background-repeat;background-attachment;background-origin;background-clip;background-color;padding:0px 2px;font-weight:500;font-family\">Grande tasse cylindrique munie d&rsquo;une anse, con\u00e7ue pour contenir des boissons chaudes<\/mark><span style=\"font-family\"><span class=\"Apple-converted-space\">&nbsp;<\/span><\/span><span style=\"font-family\">(caf\u00e9, th\u00e9, chocolat)<\/span><span class=\"uJ19be notranslate\" data-sfc-root=\"c\" data-wiz-uids=\"AXxt5_p,AXxt5_q\" data-sfc-cb=\"\" data-processed=\"true\" style=\"font-family\"><span class=\"vKEkVd\" data-animation-atomic=\"\" data-wiz-attrbind=\"class=AXxt5_o\/TKHnVd\" data-processed=\"true\" style=\"position: relative;white-space: nowrap;--btn-bg-color: var(--aYn2S);--btn-bg-color-hover: var(--Lm570b);--attr-text-color: var(--IXoxUe);--attr-link-color: var(--YLNNHc);--DEeStf: #2c2e35;--TSWZIb: #363840;--BRLwE: #42444d;--xhUGwc: #22242a;--XKMDxc: #2c2e35;--aYn2S: #363840;--Lm570b: #42444d;--CwQ7J: #17181f;--jINu6c: #e6e8f0;--uLz37c: #adafb8;--YLNNHc: #e6e8f0;--IXoxUe: #adafb8;--bbQxAb: #e6e8f0;--TMYS9: #e6e8f0;--mXZkqc: #363840;--gS5jXb: #363840;--amnPwe: #adafb8;--Nsm0ce: #0b50d0;--EpFNW: #fff;--jwFC2e: #223a94;--XPCkhb: #90e58c;--baJkQc: #ff878f\"><span aria-hidden=\"true\" data-processed=\"true\">&nbsp;<\/span><\/span><\/span><span style=\"font-family\">. il est appr\u00e9ci\u00e9 pour sa capacit\u00e9 g\u00e9n\u00e9reuse .<\/span><\/p>\n<p><span style=\"font-family\">Couleur : blanc dor\u00e9 <\/span><\/p>\n<p><span style=\"font-family\">Nom: <\/span>Merline<\/p>\n","protected":false},"excerpt":{"rendered":"<p>Ensemble de 4 mugs en c\u00e9ramique Vendu par 4 pi\u00e8ces Grande tasse cylindrique munie d&rsquo;une anse, con\u00e7ue pour contenir des<\/p>\n","protected":false},"featured_media":30140,"template":"","meta":[],"product_brand":[],"product_cat":[78],"product_tag":[],"class_list":{"0":"post-30141","1":"product","2":"type-product","3":"status-publish","4":"has-post-thumbnail","6":"product_cat-vaisselle","8":"first","9":"instock","10":"shipping-taxable","11":"purchasable","12":"product-type-simple"},"_links":{"self":[{"href":"https:\/\/oladeco.sn\/index.php\/wp-json\/wp\/v2\/product\/30141","targetHints":{"allow":["GET"]}}],"collection":[{"href":"https:\/\/oladeco.sn\/index.php\/wp-json\/wp\/v2\/product"}],"about":[{"href":"https:\/\/oladeco.sn\/index.php\/wp-json\/wp\/v2\/types\/product"}],"version-history":[{"count":0,"href":"https:\/\/oladeco.sn\/index.php\/wp-json\/wp\/v2\/product\/30141\/revisions"}],"wp:featuredmedia":[{"embeddable":true,"href":"https:\/\/oladeco.sn\/index.php\/wp-json\/wp\/v2\/media\/30140"}],"wp:attachment":[{"href":"https:\/\/oladeco.sn\/index.php\/wp-json\/wp\/v2\/media?parent=30141"}],"wp:term":[{"taxonomy":"product_brand","embeddable":true,"href":"https:\/\/oladeco.sn\/index.php\/wp-json\/wp\/v2\/product_brand?post=30141"},{"taxonomy":"product_cat","embeddable":true,"href":"https:\/\/oladeco.sn\/index.php\/wp-json\/wp\/v2\/product_cat?post=30141"},{"taxonomy":"product_tag","embeddable":true,"href":"https:\/\/oladeco.sn\/index.php\/wp-json\/wp\/v2\/product_tag?post=30141"}],"curies":[{"name":"wp","href":"https:\/\/api.w.org\/{rel}","templated":true}]}}