{"id":30135,"date":"2026-04-21T22:20:30","date_gmt":"2026-04-21T22:20:30","guid":{"rendered":"https:\/\/oladeco.sn\/index.php\/product\/ensemble-4-pieces-recipients-pour-conservation-bird-blue\/"},"modified":"2026-04-21T22:20:33","modified_gmt":"2026-04-21T22:20:33","slug":"ensemble-4-pieces-recipients-pour-conservation-bird-blue","status":"publish","type":"product","link":"https:\/\/oladeco.sn\/index.php\/product\/ensemble-4-pieces-recipients-pour-conservation-bird-blue\/","title":{"rendered":"Ensemble 4 pi\u00e8ces R\u00e9cipients pour conservation \/ bird blue"},"content":{"rendered":"<p><span style=\"font-family\">Con\u00e7u pour conserver ou servir <\/span>\/ th\u00e9 caf\u00e9 sucre ou autres&#8230;<\/p>\n<p>4 r\u00e9cipients de diff\u00e9rentes tailles vendus en 1 seul lot .<\/p>\n<p>Couleur : tuquoise<\/p>\n<p>Nom: bird blue<\/p>\n<p>mati\u00e8re<span style=\"font-family\">: <\/span>m\u00e9tal<span style=\"font-family\"> <\/span><\/p>\n","protected":false},"excerpt":{"rendered":"<p>Con\u00e7u pour conserver ou servir \/ th\u00e9 caf\u00e9 sucre ou autres&#8230; 4 r\u00e9cipients de diff\u00e9rentes tailles vendus en 1 seul<\/p>\n","protected":false},"featured_media":30130,"template":"","meta":[],"product_brand":[],"product_cat":[78],"product_tag":[],"class_list":{"0":"post-30135","1":"product","2":"type-product","3":"status-publish","4":"has-post-thumbnail","6":"product_cat-vaisselle","8":"first","9":"instock","10":"shipping-taxable","11":"purchasable","12":"product-type-simple"},"_links":{"self":[{"href":"https:\/\/oladeco.sn\/index.php\/wp-json\/wp\/v2\/product\/30135","targetHints":{"allow":["GET"]}}],"collection":[{"href":"https:\/\/oladeco.sn\/index.php\/wp-json\/wp\/v2\/product"}],"about":[{"href":"https:\/\/oladeco.sn\/index.php\/wp-json\/wp\/v2\/types\/product"}],"version-history":[{"count":0,"href":"https:\/\/oladeco.sn\/index.php\/wp-json\/wp\/v2\/product\/30135\/revisions"}],"wp:featuredmedia":[{"embeddable":true,"href":"https:\/\/oladeco.sn\/index.php\/wp-json\/wp\/v2\/media\/30130"}],"wp:attachment":[{"href":"https:\/\/oladeco.sn\/index.php\/wp-json\/wp\/v2\/media?parent=30135"}],"wp:term":[{"taxonomy":"product_brand","embeddable":true,"href":"https:\/\/oladeco.sn\/index.php\/wp-json\/wp\/v2\/product_brand?post=30135"},{"taxonomy":"product_cat","embeddable":true,"href":"https:\/\/oladeco.sn\/index.php\/wp-json\/wp\/v2\/product_cat?post=30135"},{"taxonomy":"product_tag","embeddable":true,"href":"https:\/\/oladeco.sn\/index.php\/wp-json\/wp\/v2\/product_tag?post=30135"}],"curies":[{"name":"wp","href":"https:\/\/api.w.org\/{rel}","templated":true}]}}