{"id":29962,"date":"2026-04-21T02:41:38","date_gmt":"2026-04-21T02:41:38","guid":{"rendered":"https:\/\/oladeco.sn\/index.php\/product\/service-24-pieces\/"},"modified":"2026-04-21T02:41:42","modified_gmt":"2026-04-21T02:41:42","slug":"service-24-pieces","status":"publish","type":"product","link":"https:\/\/oladeco.sn\/index.php\/product\/service-24-pieces\/","title":{"rendered":"Service 24 pi\u00e8ces"},"content":{"rendered":"<p>Ensemble 24 pi\u00e8ces<\/p>\n<p>6 grands plats 6 petits plats 6 plats creux 6 bols en c\u00e9ramique<\/p>\n<p>Couleur : blanc cass\u00e9 avec une bande marron en bordure<\/p>\n<p>Nom: koulipa<\/p>\n","protected":false},"excerpt":{"rendered":"<p>Ensemble 24 pi\u00e8ces 6 grands plats 6 petits plats 6 plats creux 6 bols en c\u00e9ramique Couleur : blanc cass\u00e9<\/p>\n","protected":false},"featured_media":29961,"template":"","meta":[],"product_brand":[],"product_cat":[78],"product_tag":[],"class_list":{"0":"post-29962","1":"product","2":"type-product","3":"status-publish","4":"has-post-thumbnail","6":"product_cat-vaisselle","8":"first","9":"instock","10":"shipping-taxable","11":"purchasable","12":"product-type-simple"},"_links":{"self":[{"href":"https:\/\/oladeco.sn\/index.php\/wp-json\/wp\/v2\/product\/29962","targetHints":{"allow":["GET"]}}],"collection":[{"href":"https:\/\/oladeco.sn\/index.php\/wp-json\/wp\/v2\/product"}],"about":[{"href":"https:\/\/oladeco.sn\/index.php\/wp-json\/wp\/v2\/types\/product"}],"version-history":[{"count":0,"href":"https:\/\/oladeco.sn\/index.php\/wp-json\/wp\/v2\/product\/29962\/revisions"}],"wp:featuredmedia":[{"embeddable":true,"href":"https:\/\/oladeco.sn\/index.php\/wp-json\/wp\/v2\/media\/29961"}],"wp:attachment":[{"href":"https:\/\/oladeco.sn\/index.php\/wp-json\/wp\/v2\/media?parent=29962"}],"wp:term":[{"taxonomy":"product_brand","embeddable":true,"href":"https:\/\/oladeco.sn\/index.php\/wp-json\/wp\/v2\/product_brand?post=29962"},{"taxonomy":"product_cat","embeddable":true,"href":"https:\/\/oladeco.sn\/index.php\/wp-json\/wp\/v2\/product_cat?post=29962"},{"taxonomy":"product_tag","embeddable":true,"href":"https:\/\/oladeco.sn\/index.php\/wp-json\/wp\/v2\/product_tag?post=29962"}],"curies":[{"name":"wp","href":"https:\/\/api.w.org\/{rel}","templated":true}]}}