{"id":29960,"date":"2026-04-21T02:40:02","date_gmt":"2026-04-21T02:40:02","guid":{"rendered":"https:\/\/oladeco.sn\/index.php\/product\/tasse-a-cafe-ou-the-white\/"},"modified":"2026-04-21T02:40:06","modified_gmt":"2026-04-21T02:40:06","slug":"tasse-a-cafe-ou-the-white","status":"publish","type":"product","link":"https:\/\/oladeco.sn\/index.php\/product\/tasse-a-cafe-ou-the-white\/","title":{"rendered":"Tasse \u00e0 caf\u00e9 ou th\u00e9 White"},"content":{"rendered":"<p>Tasse \u00e0 caf\u00e9 ou th\u00e9 avec sous-tasse et petite cuill\u00e8re<\/p>\n<p>Nom : White<\/p>\n<p>Couleur blanc mat<\/p>\n<p>petit r\u00e9cipient, en porcelaine, muni d&rsquo;une anse, con\u00e7u sp\u00e9cifiquement pour boire du caf\u00e9 ou du th\u00e9 chaud .<\/p>\n","protected":false},"excerpt":{"rendered":"<p>Tasse \u00e0 caf\u00e9 ou th\u00e9 avec sous-tasse et petite cuill\u00e8re Nom : White Couleur blanc mat petit r\u00e9cipient, en porcelaine,<\/p>\n","protected":false},"featured_media":29959,"template":"","meta":[],"product_brand":[],"product_cat":[78],"product_tag":[],"class_list":{"0":"post-29960","1":"product","2":"type-product","3":"status-publish","4":"has-post-thumbnail","6":"product_cat-vaisselle","8":"first","9":"instock","10":"shipping-taxable","11":"purchasable","12":"product-type-simple"},"_links":{"self":[{"href":"https:\/\/oladeco.sn\/index.php\/wp-json\/wp\/v2\/product\/29960","targetHints":{"allow":["GET"]}}],"collection":[{"href":"https:\/\/oladeco.sn\/index.php\/wp-json\/wp\/v2\/product"}],"about":[{"href":"https:\/\/oladeco.sn\/index.php\/wp-json\/wp\/v2\/types\/product"}],"version-history":[{"count":0,"href":"https:\/\/oladeco.sn\/index.php\/wp-json\/wp\/v2\/product\/29960\/revisions"}],"wp:featuredmedia":[{"embeddable":true,"href":"https:\/\/oladeco.sn\/index.php\/wp-json\/wp\/v2\/media\/29959"}],"wp:attachment":[{"href":"https:\/\/oladeco.sn\/index.php\/wp-json\/wp\/v2\/media?parent=29960"}],"wp:term":[{"taxonomy":"product_brand","embeddable":true,"href":"https:\/\/oladeco.sn\/index.php\/wp-json\/wp\/v2\/product_brand?post=29960"},{"taxonomy":"product_cat","embeddable":true,"href":"https:\/\/oladeco.sn\/index.php\/wp-json\/wp\/v2\/product_cat?post=29960"},{"taxonomy":"product_tag","embeddable":true,"href":"https:\/\/oladeco.sn\/index.php\/wp-json\/wp\/v2\/product_tag?post=29960"}],"curies":[{"name":"wp","href":"https:\/\/api.w.org\/{rel}","templated":true}]}}