{"id":29958,"date":"2026-04-21T02:38:16","date_gmt":"2026-04-21T02:38:16","guid":{"rendered":"https:\/\/oladeco.sn\/index.php\/product\/tasse-a-cafe-ou-the\/"},"modified":"2026-04-21T02:38:19","modified_gmt":"2026-04-21T02:38:19","slug":"tasse-a-cafe-ou-the","status":"publish","type":"product","link":"https:\/\/oladeco.sn\/index.php\/product\/tasse-a-cafe-ou-the\/","title":{"rendered":"Tasse \u00e0 caf\u00e9 ou th\u00e9"},"content":{"rendered":"<p>Tasse \u00e0 caf\u00e9 ou th\u00e9 avec sous tasse et petite cuill\u00e8re<\/p>\n<p>Nom : Simple<\/p>\n<p>Couleur bleu brillant<\/p>\n<p>petit r\u00e9cipient, en fa\u00efence , muni d&rsquo;une anse, con\u00e7u sp\u00e9cifiquement pour boire du caf\u00e9 ou du th\u00e9 chaud .<\/p>\n","protected":false},"excerpt":{"rendered":"<p>Tasse \u00e0 caf\u00e9 ou th\u00e9 avec sous tasse et petite cuill\u00e8re Nom : Simple Couleur bleu brillant petit r\u00e9cipient, en<\/p>\n","protected":false},"featured_media":29957,"template":"","meta":[],"product_brand":[],"product_cat":[78],"product_tag":[],"class_list":{"0":"post-29958","1":"product","2":"type-product","3":"status-publish","4":"has-post-thumbnail","6":"product_cat-vaisselle","8":"first","9":"instock","10":"shipping-taxable","11":"purchasable","12":"product-type-simple"},"_links":{"self":[{"href":"https:\/\/oladeco.sn\/index.php\/wp-json\/wp\/v2\/product\/29958","targetHints":{"allow":["GET"]}}],"collection":[{"href":"https:\/\/oladeco.sn\/index.php\/wp-json\/wp\/v2\/product"}],"about":[{"href":"https:\/\/oladeco.sn\/index.php\/wp-json\/wp\/v2\/types\/product"}],"version-history":[{"count":0,"href":"https:\/\/oladeco.sn\/index.php\/wp-json\/wp\/v2\/product\/29958\/revisions"}],"wp:featuredmedia":[{"embeddable":true,"href":"https:\/\/oladeco.sn\/index.php\/wp-json\/wp\/v2\/media\/29957"}],"wp:attachment":[{"href":"https:\/\/oladeco.sn\/index.php\/wp-json\/wp\/v2\/media?parent=29958"}],"wp:term":[{"taxonomy":"product_brand","embeddable":true,"href":"https:\/\/oladeco.sn\/index.php\/wp-json\/wp\/v2\/product_brand?post=29958"},{"taxonomy":"product_cat","embeddable":true,"href":"https:\/\/oladeco.sn\/index.php\/wp-json\/wp\/v2\/product_cat?post=29958"},{"taxonomy":"product_tag","embeddable":true,"href":"https:\/\/oladeco.sn\/index.php\/wp-json\/wp\/v2\/product_tag?post=29958"}],"curies":[{"name":"wp","href":"https:\/\/api.w.org\/{rel}","templated":true}]}}