{"id":29941,"date":"2026-04-19T04:33:27","date_gmt":"2026-04-19T04:33:27","guid":{"rendered":"https:\/\/oladeco.sn\/index.php\/product\/piston-a-cafe-60cl\/"},"modified":"2026-04-19T04:33:30","modified_gmt":"2026-04-19T04:33:30","slug":"piston-a-cafe-60cl","status":"publish","type":"product","link":"https:\/\/oladeco.sn\/index.php\/product\/piston-a-cafe-60cl\/","title":{"rendered":"Piston \u00e0 caf\u00e9 60cL"},"content":{"rendered":"<p><span data-subtree=\"aimfl,mfl\" data-processed=\"true\">La cafeti\u00e8re \u00e0 piston (ou French Press)<\/span><span data-subtree=\"aimfl,mfl\" data-processed=\"true\"><span class=\"Apple-converted-space\">&nbsp;<\/span><\/span><mark class=\"HxTRcb\" data-sfc-root=\"c\" data-sfc-cb=\"\" data-processed=\"true\">est une m\u00e9thode d&rsquo;infusion par immersion totale, id\u00e9ale pour obtenir un caf\u00e9 riche et aromatique<\/mark><span>. Utilisez une<\/span><span><span class=\"Apple-converted-space\">&nbsp;<\/span><\/span><strong class=\"Yjhzub\" data-sfc-root=\"c\" data-sfc-cb=\"\" data-processed=\"true\">mouture grossi\u00e8re<\/strong><span><span class=\"Apple-converted-space\">&nbsp;<\/span><\/span><span>(60g\/L ou 1g pour 10ml d&rsquo;eau), laissez infuser 3 \u00e0 5 minutes dans une eau \u00e0 90-96\u00b0C, puis abaissez doucement le piston<\/span><span class=\"uJ19be notranslate\" data-sfc-root=\"c\" data-wiz-uids=\"CYTQ6e_e,CYTQ6e_f\" data-sfc-cb=\"\" data-processed=\"true\"><span class=\"vKEkVd\" data-animation-atomic=\"\" data-wiz-attrbind=\"class=CYTQ6e_d\/TKHnVd\" data-processed=\"true\" style=\"position: relative;white-space: nowrap;--btn-bg-color: var(--aYn2S);--btn-bg-color-hover: var(--Lm570b);--attr-text-color: var(--IXoxUe);--attr-link-color: var(--YLNNHc);--DEeStf: #2c2e35;--TSWZIb: #363840;--BRLwE: #42444d;--xhUGwc: #22242a;--XKMDxc: #2c2e35;--aYn2S: #363840;--Lm570b: #42444d;--jINu6c: #e6e8f0;--uLz37c: #adafb8;--YLNNHc: #e6e8f0;--IXoxUe: #adafb8;--bbQxAb: #e6e8f0;--TMYS9: #e6e8f0;--mXZkqc: #363840;--gS5jXb: #363840;--amnPwe: #adafb8;--Nsm0ce: #0b50d0;--EpFNW: #fff;--jwFC2e: #223a94;--XPCkhb: #90e58c;--baJkQc: #ff878f\"><span aria-hidden=\"true\" data-processed=\"true\">&nbsp;<\/span><\/span><\/span><span>. Elle est \u00e9cologique et simple d&rsquo;utilisation<\/span><span class=\"uJ19be notranslate\" data-sfc-root=\"c\" data-wiz-uids=\"CYTQ6e_i,CYTQ6e_j\" data-sfc-cb=\"\" aria-hidden=\"true\" data-processed=\"true\"><span class=\"vKEkVd\" data-animation-atomic=\"\" data-wiz-attrbind=\"class=CYTQ6e_h\/TKHnVd\" data-processed=\"true\" style=\"position: relative;white-space: nowrap;--btn-bg-color: var(--aYn2S);--btn-bg-color-hover: var(--Lm570b);--attr-text-color: var(--IXoxUe);--attr-link-color: var(--YLNNHc);--DEeStf: #2c2e35;--TSWZIb: #363840;--BRLwE: #42444d;--xhUGwc: #22242a;--XKMDxc: #2c2e35;--aYn2S: #363840;--Lm570b: #42444d;--jINu6c: #e6e8f0;--uLz37c: #adafb8;--YLNNHc: #e6e8f0;--IXoxUe: #adafb8;--bbQxAb: #e6e8f0;--TMYS9: #e6e8f0;--mXZkqc: #363840;--gS5jXb: #363840;--amnPwe: #adafb8;--Nsm0ce: #0b50d0;--EpFNW: #fff;--jwFC2e: #223a94;--XPCkhb: #90e58c;--baJkQc: #ff878f\"><span aria-hidden=\"true\" data-processed=\"true\">&nbsp;<\/span><\/span><\/span><\/p>\n<p><span class=\"uJ19be notranslate\" data-sfc-root=\"c\" data-wiz-uids=\"CYTQ6e_i,CYTQ6e_j\" data-sfc-cb=\"\" aria-hidden=\"true\" data-processed=\"true\"><span class=\"vKEkVd\" data-animation-atomic=\"\" data-wiz-attrbind=\"class=CYTQ6e_h\/TKHnVd\" data-processed=\"true\" style=\"position: relative;white-space: nowrap;--btn-bg-color: var(--aYn2S);--btn-bg-color-hover: var(--Lm570b);--attr-text-color: var(--IXoxUe);--attr-link-color: var(--YLNNHc);--DEeStf: #2c2e35;--TSWZIb: #363840;--BRLwE: #42444d;--xhUGwc: #22242a;--XKMDxc: #2c2e35;--aYn2S: #363840;--Lm570b: #42444d;--jINu6c: #e6e8f0;--uLz37c: #adafb8;--YLNNHc: #e6e8f0;--IXoxUe: #adafb8;--bbQxAb: #e6e8f0;--TMYS9: #e6e8f0;--mXZkqc: #363840;--gS5jXb: #363840;--amnPwe: #adafb8;--Nsm0ce: #0b50d0;--EpFNW: #fff;--jwFC2e: #223a94;--XPCkhb: #90e58c;--baJkQc: #ff878f\"><span aria-hidden=\"true\" data-processed=\"true\">Inox et verre clair <\/span><\/span><\/span><\/p>\n<p>Mod\u00e8le<span class=\"uJ19be notranslate\" data-sfc-root=\"c\" data-wiz-uids=\"CYTQ6e_i,CYTQ6e_j\" data-sfc-cb=\"\" aria-hidden=\"true\" data-processed=\"true\"><span class=\"vKEkVd\" data-animation-atomic=\"\" data-wiz-attrbind=\"class=CYTQ6e_h\/TKHnVd\" data-processed=\"true\" style=\"position: relative;white-space: nowrap;--btn-bg-color: var(--aYn2S);--btn-bg-color-hover: var(--Lm570b);--attr-text-color: var(--IXoxUe);--attr-link-color: var(--YLNNHc);--DEeStf: #2c2e35;--TSWZIb: #363840;--BRLwE: #42444d;--xhUGwc: #22242a;--XKMDxc: #2c2e35;--aYn2S: #363840;--Lm570b: #42444d;--jINu6c: #e6e8f0;--uLz37c: #adafb8;--YLNNHc: #e6e8f0;--IXoxUe: #adafb8;--bbQxAb: #e6e8f0;--TMYS9: #e6e8f0;--mXZkqc: #363840;--gS5jXb: #363840;--amnPwe: #adafb8;--Nsm0ce: #0b50d0;--EpFNW: #fff;--jwFC2e: #223a94;--XPCkhb: #90e58c;--baJkQc: #ff878f\"><span aria-hidden=\"true\" data-processed=\"true\"> et <\/span><\/span><\/span>couleur : transparent couvercle en argent\u00e9<\/p>\n<p>Capacit\u00e9 : 60 cl<\/p>\n","protected":false},"excerpt":{"rendered":"<p>La cafeti\u00e8re \u00e0 piston (ou French Press)&nbsp;est une m\u00e9thode d&rsquo;infusion par immersion totale, id\u00e9ale pour obtenir un caf\u00e9 riche et<\/p>\n","protected":false},"featured_media":29940,"template":"","meta":[],"product_brand":[],"product_cat":[78],"product_tag":[],"class_list":{"0":"post-29941","1":"product","2":"type-product","3":"status-publish","4":"has-post-thumbnail","6":"product_cat-vaisselle","8":"first","9":"instock","10":"shipping-taxable","11":"purchasable","12":"product-type-simple"},"_links":{"self":[{"href":"https:\/\/oladeco.sn\/index.php\/wp-json\/wp\/v2\/product\/29941","targetHints":{"allow":["GET"]}}],"collection":[{"href":"https:\/\/oladeco.sn\/index.php\/wp-json\/wp\/v2\/product"}],"about":[{"href":"https:\/\/oladeco.sn\/index.php\/wp-json\/wp\/v2\/types\/product"}],"version-history":[{"count":0,"href":"https:\/\/oladeco.sn\/index.php\/wp-json\/wp\/v2\/product\/29941\/revisions"}],"wp:featuredmedia":[{"embeddable":true,"href":"https:\/\/oladeco.sn\/index.php\/wp-json\/wp\/v2\/media\/29940"}],"wp:attachment":[{"href":"https:\/\/oladeco.sn\/index.php\/wp-json\/wp\/v2\/media?parent=29941"}],"wp:term":[{"taxonomy":"product_brand","embeddable":true,"href":"https:\/\/oladeco.sn\/index.php\/wp-json\/wp\/v2\/product_brand?post=29941"},{"taxonomy":"product_cat","embeddable":true,"href":"https:\/\/oladeco.sn\/index.php\/wp-json\/wp\/v2\/product_cat?post=29941"},{"taxonomy":"product_tag","embeddable":true,"href":"https:\/\/oladeco.sn\/index.php\/wp-json\/wp\/v2\/product_tag?post=29941"}],"curies":[{"name":"wp","href":"https:\/\/api.w.org\/{rel}","templated":true}]}}