{"id":29937,"date":"2026-04-19T04:23:04","date_gmt":"2026-04-19T04:23:04","guid":{"rendered":"https:\/\/oladeco.sn\/index.php\/product\/trio-de-bol-en-verre-carre-nervina\/"},"modified":"2026-04-19T04:23:07","modified_gmt":"2026-04-19T04:23:07","slug":"trio-de-bol-en-verre-carre-nervina","status":"publish","type":"product","link":"https:\/\/oladeco.sn\/index.php\/product\/trio-de-bol-en-verre-carre-nervina\/","title":{"rendered":"Trio de bol en verre carr\u00e9 \/ Nervina"},"content":{"rendered":"<p>Trio bol<\/p>\n<p>Vendu par 3 pi\u00e8ces<\/p>\n<p>Mati\u00e8re : verre<\/p>\n<p>Nom : nervina<\/p>\n<p><span style=\"font-family\">il est pris\u00e9 pour la conservation gr\u00e2ce \u00e0 sa transparence qui permet d&rsquo;identifier le contenu<\/span><\/p>\n<p>\u00c9l\u00e9gant<span style=\"font-family\"> et <\/span>raffin\u00e9<span style=\"font-family\"> <\/span><\/p>\n","protected":false},"excerpt":{"rendered":"<p>Trio bol Vendu par 3 pi\u00e8ces Mati\u00e8re : verre Nom : nervina il est pris\u00e9 pour la conservation gr\u00e2ce \u00e0<\/p>\n","protected":false},"featured_media":29936,"template":"","meta":[],"product_brand":[],"product_cat":[78],"product_tag":[],"class_list":{"0":"post-29937","1":"product","2":"type-product","3":"status-publish","4":"has-post-thumbnail","6":"product_cat-vaisselle","8":"first","9":"instock","10":"shipping-taxable","11":"purchasable","12":"product-type-simple"},"_links":{"self":[{"href":"https:\/\/oladeco.sn\/index.php\/wp-json\/wp\/v2\/product\/29937","targetHints":{"allow":["GET"]}}],"collection":[{"href":"https:\/\/oladeco.sn\/index.php\/wp-json\/wp\/v2\/product"}],"about":[{"href":"https:\/\/oladeco.sn\/index.php\/wp-json\/wp\/v2\/types\/product"}],"version-history":[{"count":0,"href":"https:\/\/oladeco.sn\/index.php\/wp-json\/wp\/v2\/product\/29937\/revisions"}],"wp:featuredmedia":[{"embeddable":true,"href":"https:\/\/oladeco.sn\/index.php\/wp-json\/wp\/v2\/media\/29936"}],"wp:attachment":[{"href":"https:\/\/oladeco.sn\/index.php\/wp-json\/wp\/v2\/media?parent=29937"}],"wp:term":[{"taxonomy":"product_brand","embeddable":true,"href":"https:\/\/oladeco.sn\/index.php\/wp-json\/wp\/v2\/product_brand?post=29937"},{"taxonomy":"product_cat","embeddable":true,"href":"https:\/\/oladeco.sn\/index.php\/wp-json\/wp\/v2\/product_cat?post=29937"},{"taxonomy":"product_tag","embeddable":true,"href":"https:\/\/oladeco.sn\/index.php\/wp-json\/wp\/v2\/product_tag?post=29937"}],"curies":[{"name":"wp","href":"https:\/\/api.w.org\/{rel}","templated":true}]}}