{"id":29935,"date":"2026-04-19T04:18:26","date_gmt":"2026-04-19T04:18:26","guid":{"rendered":"https:\/\/oladeco.sn\/index.php\/product\/pinceau-de-cuisine-en-silicone-rose-gold\/"},"modified":"2026-04-19T04:18:28","modified_gmt":"2026-04-19T04:18:28","slug":"pinceau-de-cuisine-en-silicone-rose-gold","status":"publish","type":"product","link":"https:\/\/oladeco.sn\/index.php\/product\/pinceau-de-cuisine-en-silicone-rose-gold\/","title":{"rendered":"Pinceau de cuisine en Silicone rose gold"},"content":{"rendered":"<p><span>Pinceau de <\/span>cuisine<span> <\/span><\/p>\n<p>Utilis<span>\u00e9 pour<\/span><span><span class=\"Apple-converted-space\">&nbsp;<\/span><\/span><strong class=\"Yjhzub\" data-sfc-root=\"c\" data-sfc-cb=\"\" data-processed=\"true\">badigeonner<\/strong><span>,<\/span><span><span class=\"Apple-converted-space\">&nbsp;<\/span><\/span><strong class=\"Yjhzub\" data-sfc-root=\"c\" data-sfc-cb=\"\" data-processed=\"true\">laquer<\/strong><span>,<\/span><span><span class=\"Apple-converted-space\">&nbsp;<\/span><\/span><strong class=\"Yjhzub\" data-sfc-root=\"c\" data-sfc-cb=\"\" data-processed=\"true\">dorer<\/strong><span><span class=\"Apple-converted-space\">&nbsp;<\/span><\/span><span>ou<\/span><span><span class=\"Apple-converted-space\">&nbsp;<\/span><\/span><strong class=\"Yjhzub\" data-sfc-root=\"c\" data-sfc-cb=\"\" data-processed=\"true\">napper<\/strong><span><span class=\"Apple-converted-space\">&nbsp;<\/span><\/span><span>des pr\u00e9parations sucr\u00e9es et sal\u00e9es avec des liquides . <\/span><\/p>\n<p>Mati\u00e8re: silicone manche : inox<\/p>\n<p>Couleur: noir et rose gold<\/p>\n","protected":false},"excerpt":{"rendered":"<p>Pinceau de cuisine Utilis\u00e9 pour&nbsp;badigeonner,&nbsp;laquer,&nbsp;dorer&nbsp;ou&nbsp;napper&nbsp;des pr\u00e9parations sucr\u00e9es et sal\u00e9es avec des liquides . Mati\u00e8re: silicone manche : inox Couleur: noir<\/p>\n","protected":false},"featured_media":29934,"template":"","meta":[],"product_brand":[],"product_cat":[78],"product_tag":[],"class_list":{"0":"post-29935","1":"product","2":"type-product","3":"status-publish","4":"has-post-thumbnail","6":"product_cat-vaisselle","8":"first","9":"instock","10":"shipping-taxable","11":"purchasable","12":"product-type-simple"},"_links":{"self":[{"href":"https:\/\/oladeco.sn\/index.php\/wp-json\/wp\/v2\/product\/29935","targetHints":{"allow":["GET"]}}],"collection":[{"href":"https:\/\/oladeco.sn\/index.php\/wp-json\/wp\/v2\/product"}],"about":[{"href":"https:\/\/oladeco.sn\/index.php\/wp-json\/wp\/v2\/types\/product"}],"version-history":[{"count":0,"href":"https:\/\/oladeco.sn\/index.php\/wp-json\/wp\/v2\/product\/29935\/revisions"}],"wp:featuredmedia":[{"embeddable":true,"href":"https:\/\/oladeco.sn\/index.php\/wp-json\/wp\/v2\/media\/29934"}],"wp:attachment":[{"href":"https:\/\/oladeco.sn\/index.php\/wp-json\/wp\/v2\/media?parent=29935"}],"wp:term":[{"taxonomy":"product_brand","embeddable":true,"href":"https:\/\/oladeco.sn\/index.php\/wp-json\/wp\/v2\/product_brand?post=29935"},{"taxonomy":"product_cat","embeddable":true,"href":"https:\/\/oladeco.sn\/index.php\/wp-json\/wp\/v2\/product_cat?post=29935"},{"taxonomy":"product_tag","embeddable":true,"href":"https:\/\/oladeco.sn\/index.php\/wp-json\/wp\/v2\/product_tag?post=29935"}],"curies":[{"name":"wp","href":"https:\/\/api.w.org\/{rel}","templated":true}]}}