{"id":29925,"date":"2026-04-19T04:07:42","date_gmt":"2026-04-19T04:07:42","guid":{"rendered":"https:\/\/oladeco.sn\/index.php\/product\/pince-en-inox-dore\/"},"modified":"2026-04-19T04:10:29","modified_gmt":"2026-04-19T04:10:29","slug":"pince-en-inox-dore","status":"publish","type":"product","link":"https:\/\/oladeco.sn\/index.php\/product\/pince-en-inox-dore\/","title":{"rendered":"Pince de cuisine Viro \u00e0 dent en inox Dor\u00e9"},"content":{"rendered":"<p><mark class=\"HxTRcb\" data-sfc-root=\"c\" data-sfc-cb=\"\" data-processed=\"true\">Pince de cuisine <\/mark><\/p>\n<p><mark class=\"HxTRcb\" data-sfc-root=\"c\" data-sfc-cb=\"\" data-processed=\"true\">Ustensile de manipulation servant \u00e0 saisir, retourner, servir ou dresser des aliments de mani\u00e8re pr\u00e9cise et hygi\u00e9nique, prot\u00e9geant les mains de la chale<\/mark><span>ur. Elle est id\u00e9ale pour le barbecue, la po\u00eale, ou le service \u00e0 table<\/span><\/p>\n<p>Mati\u00e8re : inox<\/p>\n<p>Nom: viro<\/p>\n<p>Couleur : dor\u00e9<\/p>\n","protected":false},"excerpt":{"rendered":"<p>Pince de cuisine Ustensile de manipulation servant \u00e0 saisir, retourner, servir ou dresser des aliments de mani\u00e8re pr\u00e9cise et hygi\u00e9nique,<\/p>\n","protected":false},"featured_media":29924,"template":"","meta":[],"product_brand":[],"product_cat":[78],"product_tag":[],"class_list":{"0":"post-29925","1":"product","2":"type-product","3":"status-publish","4":"has-post-thumbnail","6":"product_cat-vaisselle","8":"first","9":"instock","10":"shipping-taxable","11":"purchasable","12":"product-type-simple"},"_links":{"self":[{"href":"https:\/\/oladeco.sn\/index.php\/wp-json\/wp\/v2\/product\/29925","targetHints":{"allow":["GET"]}}],"collection":[{"href":"https:\/\/oladeco.sn\/index.php\/wp-json\/wp\/v2\/product"}],"about":[{"href":"https:\/\/oladeco.sn\/index.php\/wp-json\/wp\/v2\/types\/product"}],"version-history":[{"count":1,"href":"https:\/\/oladeco.sn\/index.php\/wp-json\/wp\/v2\/product\/29925\/revisions"}],"predecessor-version":[{"id":29929,"href":"https:\/\/oladeco.sn\/index.php\/wp-json\/wp\/v2\/product\/29925\/revisions\/29929"}],"wp:featuredmedia":[{"embeddable":true,"href":"https:\/\/oladeco.sn\/index.php\/wp-json\/wp\/v2\/media\/29924"}],"wp:attachment":[{"href":"https:\/\/oladeco.sn\/index.php\/wp-json\/wp\/v2\/media?parent=29925"}],"wp:term":[{"taxonomy":"product_brand","embeddable":true,"href":"https:\/\/oladeco.sn\/index.php\/wp-json\/wp\/v2\/product_brand?post=29925"},{"taxonomy":"product_cat","embeddable":true,"href":"https:\/\/oladeco.sn\/index.php\/wp-json\/wp\/v2\/product_cat?post=29925"},{"taxonomy":"product_tag","embeddable":true,"href":"https:\/\/oladeco.sn\/index.php\/wp-json\/wp\/v2\/product_tag?post=29925"}],"curies":[{"name":"wp","href":"https:\/\/api.w.org\/{rel}","templated":true}]}}