{"id":29923,"date":"2026-04-19T04:02:56","date_gmt":"2026-04-19T04:02:56","guid":{"rendered":"https:\/\/oladeco.sn\/index.php\/product\/plat-creux-azur\/"},"modified":"2026-04-19T04:02:58","modified_gmt":"2026-04-19T04:02:58","slug":"plat-creux-azur","status":"publish","type":"product","link":"https:\/\/oladeco.sn\/index.php\/product\/plat-creux-azur\/","title":{"rendered":"Plat creux Azur"},"content":{"rendered":"<p>Plat creu<span style=\"font-family\">x<\/span><\/p>\n<p><span style=\"font-family\">Il est id\u00e9al pour les plats en sauce, salades, l\u00e9gumes, potages ou p\u00e2tes<\/span><span class=\"uJ19be notranslate\" data-sfc-root=\"c\" data-wiz-uids=\"rSTfWd_h,rSTfWd_i\" data-sfc-cb=\"\" data-processed=\"true\" style=\"font-family\"><span class=\"vKEkVd\" data-animation-atomic=\"\" data-wiz-attrbind=\"class=rSTfWd_g\/TKHnVd\" data-processed=\"true\" style=\"position: relative;white-space: nowrap;--btn-bg-color: var(--aYn2S);--btn-bg-color-hover: var(--Lm570b);--attr-text-color: var(--IXoxUe);--attr-link-color: var(--YLNNHc);--DEeStf: #2c2e35;--TSWZIb: #363840;--BRLwE: #42444d;--xhUGwc: #22242a;--XKMDxc: #2c2e35;--aYn2S: #363840;--Lm570b: #42444d;--jINu6c: #e6e8f0;--uLz37c: #adafb8;--YLNNHc: #e6e8f0;--IXoxUe: #adafb8;--bbQxAb: #e6e8f0;--TMYS9: #e6e8f0;--mXZkqc: #363840;--gS5jXb: #363840;--amnPwe: #adafb8;--Nsm0ce: #0b50d0;--EpFNW: #fff;--jwFC2e: #223a94;--XPCkhb: #90e58c;--baJkQc: #ff878f\"><span aria-hidden=\"true\" data-processed=\"true\">&nbsp;<\/span><\/span><\/span><\/p>\n<p>Couleur : turquoise<\/p>\n<p>Mati\u00e8re : c\u00e9ramique<\/p>\n<p>Nom: azur<\/p>\n","protected":false},"excerpt":{"rendered":"<p>Plat creux Il est id\u00e9al pour les plats en sauce, salades, l\u00e9gumes, potages ou p\u00e2tes&nbsp; Couleur : turquoise Mati\u00e8re :<\/p>\n","protected":false},"featured_media":29922,"template":"","meta":[],"product_brand":[],"product_cat":[78],"product_tag":[],"class_list":{"0":"post-29923","1":"product","2":"type-product","3":"status-publish","4":"has-post-thumbnail","6":"product_cat-vaisselle","8":"first","9":"instock","10":"shipping-taxable","11":"purchasable","12":"product-type-simple"},"_links":{"self":[{"href":"https:\/\/oladeco.sn\/index.php\/wp-json\/wp\/v2\/product\/29923","targetHints":{"allow":["GET"]}}],"collection":[{"href":"https:\/\/oladeco.sn\/index.php\/wp-json\/wp\/v2\/product"}],"about":[{"href":"https:\/\/oladeco.sn\/index.php\/wp-json\/wp\/v2\/types\/product"}],"version-history":[{"count":0,"href":"https:\/\/oladeco.sn\/index.php\/wp-json\/wp\/v2\/product\/29923\/revisions"}],"wp:featuredmedia":[{"embeddable":true,"href":"https:\/\/oladeco.sn\/index.php\/wp-json\/wp\/v2\/media\/29922"}],"wp:attachment":[{"href":"https:\/\/oladeco.sn\/index.php\/wp-json\/wp\/v2\/media?parent=29923"}],"wp:term":[{"taxonomy":"product_brand","embeddable":true,"href":"https:\/\/oladeco.sn\/index.php\/wp-json\/wp\/v2\/product_brand?post=29923"},{"taxonomy":"product_cat","embeddable":true,"href":"https:\/\/oladeco.sn\/index.php\/wp-json\/wp\/v2\/product_cat?post=29923"},{"taxonomy":"product_tag","embeddable":true,"href":"https:\/\/oladeco.sn\/index.php\/wp-json\/wp\/v2\/product_tag?post=29923"}],"curies":[{"name":"wp","href":"https:\/\/api.w.org\/{rel}","templated":true}]}}