{"id":29919,"date":"2026-04-19T03:58:59","date_gmt":"2026-04-19T03:58:59","guid":{"rendered":"https:\/\/oladeco.sn\/index.php\/product\/trio-de-bol-circulaire-en-verre\/"},"modified":"2026-04-19T03:59:02","modified_gmt":"2026-04-19T03:59:02","slug":"trio-de-bol-circulaire-en-verre","status":"publish","type":"product","link":"https:\/\/oladeco.sn\/index.php\/product\/trio-de-bol-circulaire-en-verre\/","title":{"rendered":"Trio de bol circulaire en verre"},"content":{"rendered":"<p>Trio Bol creux<\/p>\n<p>Nom : merlin<\/p>\n<p>Mati\u00e8re : verr<span>e<\/span><\/p>\n<p><span>Pris\u00e9s pour la conservation gr\u00e2ce \u00e0 sa transparence qui permet d&rsquo;identifier le contenu <\/span><\/p>\n<p><span>Ideal pour vos <\/span>salads<span> ou <\/span>sauces<span> &#8230;<\/span><\/p>\n","protected":false},"excerpt":{"rendered":"<p>Trio Bol creux Nom : merlin Mati\u00e8re : verre Pris\u00e9s pour la conservation gr\u00e2ce \u00e0 sa transparence qui permet d&rsquo;identifier<\/p>\n","protected":false},"featured_media":29917,"template":"","meta":[],"product_brand":[],"product_cat":[78],"product_tag":[],"class_list":{"0":"post-29919","1":"product","2":"type-product","3":"status-publish","4":"has-post-thumbnail","6":"product_cat-vaisselle","8":"first","9":"instock","10":"shipping-taxable","11":"purchasable","12":"product-type-simple"},"_links":{"self":[{"href":"https:\/\/oladeco.sn\/index.php\/wp-json\/wp\/v2\/product\/29919","targetHints":{"allow":["GET"]}}],"collection":[{"href":"https:\/\/oladeco.sn\/index.php\/wp-json\/wp\/v2\/product"}],"about":[{"href":"https:\/\/oladeco.sn\/index.php\/wp-json\/wp\/v2\/types\/product"}],"version-history":[{"count":0,"href":"https:\/\/oladeco.sn\/index.php\/wp-json\/wp\/v2\/product\/29919\/revisions"}],"wp:featuredmedia":[{"embeddable":true,"href":"https:\/\/oladeco.sn\/index.php\/wp-json\/wp\/v2\/media\/29917"}],"wp:attachment":[{"href":"https:\/\/oladeco.sn\/index.php\/wp-json\/wp\/v2\/media?parent=29919"}],"wp:term":[{"taxonomy":"product_brand","embeddable":true,"href":"https:\/\/oladeco.sn\/index.php\/wp-json\/wp\/v2\/product_brand?post=29919"},{"taxonomy":"product_cat","embeddable":true,"href":"https:\/\/oladeco.sn\/index.php\/wp-json\/wp\/v2\/product_cat?post=29919"},{"taxonomy":"product_tag","embeddable":true,"href":"https:\/\/oladeco.sn\/index.php\/wp-json\/wp\/v2\/product_tag?post=29919"}],"curies":[{"name":"wp","href":"https:\/\/api.w.org\/{rel}","templated":true}]}}