{"id":29909,"date":"2026-04-19T02:54:06","date_gmt":"2026-04-19T02:54:06","guid":{"rendered":"https:\/\/oladeco.sn\/index.php\/product\/bonbonniere-pervy\/"},"modified":"2026-04-19T03:35:10","modified_gmt":"2026-04-19T03:35:10","slug":"bonbonniere-pervy","status":"publish","type":"product","link":"https:\/\/oladeco.sn\/index.php\/product\/bonbonniere-pervy\/","title":{"rendered":"Pr\u00e9sentoir \u00e0 g\u00e2teau avec cloche"},"content":{"rendered":"<p>Pr\u00e9sentoir<span style=\"font-family\"> <\/span>avec<span style=\"font-family\"> une cloche <\/span>transparente<span style=\"font-family\"> <\/span><\/p>\n<p><span style=\"font-family\">ustensile de service combinant un plateau et un couvercle transparent en d\u00f4me, destin\u00e9 \u00e0 mettre en valeur, prot\u00e9ger et conserver les p\u00e2tisseries, tartes <\/span>&#8230;<\/p>\n<p>Nom: pervy<\/p>\n<p>Mati\u00e8re : verre<\/p>\n<p>Couleur noir<\/p>\n","protected":false},"excerpt":{"rendered":"<p>Pr\u00e9sentoir avec une cloche transparente ustensile de service combinant un plateau et un couvercle transparent en d\u00f4me, destin\u00e9 \u00e0 mettre<\/p>\n","protected":false},"featured_media":29908,"template":"","meta":[],"product_brand":[],"product_cat":[78],"product_tag":[],"class_list":{"0":"post-29909","1":"product","2":"type-product","3":"status-publish","4":"has-post-thumbnail","6":"product_cat-vaisselle","8":"first","9":"instock","10":"shipping-taxable","11":"purchasable","12":"product-type-simple"},"_links":{"self":[{"href":"https:\/\/oladeco.sn\/index.php\/wp-json\/wp\/v2\/product\/29909","targetHints":{"allow":["GET"]}}],"collection":[{"href":"https:\/\/oladeco.sn\/index.php\/wp-json\/wp\/v2\/product"}],"about":[{"href":"https:\/\/oladeco.sn\/index.php\/wp-json\/wp\/v2\/types\/product"}],"version-history":[{"count":1,"href":"https:\/\/oladeco.sn\/index.php\/wp-json\/wp\/v2\/product\/29909\/revisions"}],"predecessor-version":[{"id":29910,"href":"https:\/\/oladeco.sn\/index.php\/wp-json\/wp\/v2\/product\/29909\/revisions\/29910"}],"wp:featuredmedia":[{"embeddable":true,"href":"https:\/\/oladeco.sn\/index.php\/wp-json\/wp\/v2\/media\/29908"}],"wp:attachment":[{"href":"https:\/\/oladeco.sn\/index.php\/wp-json\/wp\/v2\/media?parent=29909"}],"wp:term":[{"taxonomy":"product_brand","embeddable":true,"href":"https:\/\/oladeco.sn\/index.php\/wp-json\/wp\/v2\/product_brand?post=29909"},{"taxonomy":"product_cat","embeddable":true,"href":"https:\/\/oladeco.sn\/index.php\/wp-json\/wp\/v2\/product_cat?post=29909"},{"taxonomy":"product_tag","embeddable":true,"href":"https:\/\/oladeco.sn\/index.php\/wp-json\/wp\/v2\/product_tag?post=29909"}],"curies":[{"name":"wp","href":"https:\/\/api.w.org\/{rel}","templated":true}]}}