{"id":29907,"date":"2026-04-19T02:51:37","date_gmt":"2026-04-19T02:51:37","guid":{"rendered":"https:\/\/oladeco.sn\/index.php\/product\/trio-de-bol-en-coeur\/"},"modified":"2026-04-19T03:47:45","modified_gmt":"2026-04-19T03:47:45","slug":"trio-de-bol-en-coeur","status":"publish","type":"product","link":"https:\/\/oladeco.sn\/index.php\/product\/trio-de-bol-en-coeur\/","title":{"rendered":"Trio de bol en c\u0153ur"},"content":{"rendered":"<p>Trio de bol en forme de coeur<\/p>\n<p>1 ensemble de 3 pieces vendu ensemble<\/p>\n<p><span>fabriqu\u00e9 en mat\u00e9riau transparent, appr\u00e9ci\u00e9 pour sa polyvalence en cuisine<\/span> et son elegance<\/p>\n<p>Mati\u00e8re : verre<\/p>\n<p>Couleur neutre : bordure dor\u00e9<\/p>\n<p>Set de 3 pi\u00e8ces<\/p>\n","protected":false},"excerpt":{"rendered":"<p>Trio de bol en forme de coeur 1 ensemble de 3 pieces vendu ensemble fabriqu\u00e9 en mat\u00e9riau transparent, appr\u00e9ci\u00e9 pour<\/p>\n","protected":false},"featured_media":29906,"template":"","meta":[],"product_brand":[],"product_cat":[78],"product_tag":[],"class_list":{"0":"post-29907","1":"product","2":"type-product","3":"status-publish","4":"has-post-thumbnail","6":"product_cat-vaisselle","8":"first","9":"instock","10":"shipping-taxable","11":"purchasable","12":"product-type-simple"},"_links":{"self":[{"href":"https:\/\/oladeco.sn\/index.php\/wp-json\/wp\/v2\/product\/29907","targetHints":{"allow":["GET"]}}],"collection":[{"href":"https:\/\/oladeco.sn\/index.php\/wp-json\/wp\/v2\/product"}],"about":[{"href":"https:\/\/oladeco.sn\/index.php\/wp-json\/wp\/v2\/types\/product"}],"version-history":[{"count":1,"href":"https:\/\/oladeco.sn\/index.php\/wp-json\/wp\/v2\/product\/29907\/revisions"}],"predecessor-version":[{"id":29913,"href":"https:\/\/oladeco.sn\/index.php\/wp-json\/wp\/v2\/product\/29907\/revisions\/29913"}],"wp:featuredmedia":[{"embeddable":true,"href":"https:\/\/oladeco.sn\/index.php\/wp-json\/wp\/v2\/media\/29906"}],"wp:attachment":[{"href":"https:\/\/oladeco.sn\/index.php\/wp-json\/wp\/v2\/media?parent=29907"}],"wp:term":[{"taxonomy":"product_brand","embeddable":true,"href":"https:\/\/oladeco.sn\/index.php\/wp-json\/wp\/v2\/product_brand?post=29907"},{"taxonomy":"product_cat","embeddable":true,"href":"https:\/\/oladeco.sn\/index.php\/wp-json\/wp\/v2\/product_cat?post=29907"},{"taxonomy":"product_tag","embeddable":true,"href":"https:\/\/oladeco.sn\/index.php\/wp-json\/wp\/v2\/product_tag?post=29907"}],"curies":[{"name":"wp","href":"https:\/\/api.w.org\/{rel}","templated":true}]}}