{"id":29903,"date":"2026-04-19T02:47:04","date_gmt":"2026-04-19T02:47:04","guid":{"rendered":"https:\/\/oladeco.sn\/index.php\/product\/ensemble-4-bols-en-ceramique\/"},"modified":"2026-04-19T03:50:10","modified_gmt":"2026-04-19T03:50:10","slug":"ensemble-4-bols-en-ceramique","status":"publish","type":"product","link":"https:\/\/oladeco.sn\/index.php\/product\/ensemble-4-bols-en-ceramique\/","title":{"rendered":"Ensemble 4 bols en c\u00e9ramique \/ ceramy"},"content":{"rendered":"<p>Ensemble 4 Bol creu<span>x<\/span><\/p>\n<p><span>fa\u00e7onn\u00e9 en argile cuite (terre cuite, gr\u00e8s, fa\u00efence, ou porcelaine), \u00e9maill\u00e9 \u00e0 la main, id\u00e9al pour les c\u00e9r\u00e9ales, soupes, salades<\/span><span><span class=\"Apple-converted-space\">&nbsp;<\/span><\/span>sauces &#8230;<\/p>\n<p>Mati\u00e8re : c\u00e9ramique<\/p>\n<p>Nom : ceramy<\/p>\n","protected":false},"excerpt":{"rendered":"<p>Ensemble 4 Bol creux fa\u00e7onn\u00e9 en argile cuite (terre cuite, gr\u00e8s, fa\u00efence, ou porcelaine), \u00e9maill\u00e9 \u00e0 la main, id\u00e9al pour<\/p>\n","protected":false},"featured_media":29901,"template":"","meta":[],"product_brand":[],"product_cat":[78],"product_tag":[],"class_list":{"0":"post-29903","1":"product","2":"type-product","3":"status-publish","4":"has-post-thumbnail","6":"product_cat-vaisselle","8":"first","9":"instock","10":"shipping-taxable","11":"purchasable","12":"product-type-simple"},"_links":{"self":[{"href":"https:\/\/oladeco.sn\/index.php\/wp-json\/wp\/v2\/product\/29903","targetHints":{"allow":["GET"]}}],"collection":[{"href":"https:\/\/oladeco.sn\/index.php\/wp-json\/wp\/v2\/product"}],"about":[{"href":"https:\/\/oladeco.sn\/index.php\/wp-json\/wp\/v2\/types\/product"}],"version-history":[{"count":1,"href":"https:\/\/oladeco.sn\/index.php\/wp-json\/wp\/v2\/product\/29903\/revisions"}],"predecessor-version":[{"id":29914,"href":"https:\/\/oladeco.sn\/index.php\/wp-json\/wp\/v2\/product\/29903\/revisions\/29914"}],"wp:featuredmedia":[{"embeddable":true,"href":"https:\/\/oladeco.sn\/index.php\/wp-json\/wp\/v2\/media\/29901"}],"wp:attachment":[{"href":"https:\/\/oladeco.sn\/index.php\/wp-json\/wp\/v2\/media?parent=29903"}],"wp:term":[{"taxonomy":"product_brand","embeddable":true,"href":"https:\/\/oladeco.sn\/index.php\/wp-json\/wp\/v2\/product_brand?post=29903"},{"taxonomy":"product_cat","embeddable":true,"href":"https:\/\/oladeco.sn\/index.php\/wp-json\/wp\/v2\/product_cat?post=29903"},{"taxonomy":"product_tag","embeddable":true,"href":"https:\/\/oladeco.sn\/index.php\/wp-json\/wp\/v2\/product_tag?post=29903"}],"curies":[{"name":"wp","href":"https:\/\/api.w.org\/{rel}","templated":true}]}}