{"id":29895,"date":"2026-04-19T02:38:33","date_gmt":"2026-04-19T02:38:33","guid":{"rendered":"https:\/\/oladeco.sn\/index.php\/product\/petits-bols-a-sauce-brobary\/"},"modified":"2026-04-23T22:26:02","modified_gmt":"2026-04-23T22:26:02","slug":"petits-bols-a-sauce-brobary","status":"publish","type":"product","link":"https:\/\/oladeco.sn\/index.php\/product\/petits-bols-a-sauce-brobary\/","title":{"rendered":"Petits bols \u00e0 sauce \/ amuse-bouche \/ brobary"},"content":{"rendered":"<p>R\u00e9cipient pour vos sauces ou amuse-bouch<span>e<\/span><\/p>\n<p><span>con\u00e7u pour pr\u00e9senter des mets raffin\u00e9s en bouch\u00e9e<\/span><\/p>\n<p>Nom: brobary<\/p>\n<p>Mati\u00e8re : verre<\/p>\n<p>couleur : bleu<\/p>\n","protected":false},"excerpt":{"rendered":"<p>R\u00e9cipient pour vos sauces ou amuse-bouche con\u00e7u pour pr\u00e9senter des mets raffin\u00e9s en bouch\u00e9e Nom: brobary Mati\u00e8re : verre couleur<\/p>\n","protected":false},"featured_media":29894,"template":"","meta":[],"product_brand":[],"product_cat":[78],"product_tag":[],"class_list":{"0":"post-29895","1":"product","2":"type-product","3":"status-publish","4":"has-post-thumbnail","6":"product_cat-vaisselle","8":"first","9":"instock","10":"shipping-taxable","11":"purchasable","12":"product-type-simple"},"_links":{"self":[{"href":"https:\/\/oladeco.sn\/index.php\/wp-json\/wp\/v2\/product\/29895","targetHints":{"allow":["GET"]}}],"collection":[{"href":"https:\/\/oladeco.sn\/index.php\/wp-json\/wp\/v2\/product"}],"about":[{"href":"https:\/\/oladeco.sn\/index.php\/wp-json\/wp\/v2\/types\/product"}],"version-history":[{"count":2,"href":"https:\/\/oladeco.sn\/index.php\/wp-json\/wp\/v2\/product\/29895\/revisions"}],"predecessor-version":[{"id":30222,"href":"https:\/\/oladeco.sn\/index.php\/wp-json\/wp\/v2\/product\/29895\/revisions\/30222"}],"wp:featuredmedia":[{"embeddable":true,"href":"https:\/\/oladeco.sn\/index.php\/wp-json\/wp\/v2\/media\/29894"}],"wp:attachment":[{"href":"https:\/\/oladeco.sn\/index.php\/wp-json\/wp\/v2\/media?parent=29895"}],"wp:term":[{"taxonomy":"product_brand","embeddable":true,"href":"https:\/\/oladeco.sn\/index.php\/wp-json\/wp\/v2\/product_brand?post=29895"},{"taxonomy":"product_cat","embeddable":true,"href":"https:\/\/oladeco.sn\/index.php\/wp-json\/wp\/v2\/product_cat?post=29895"},{"taxonomy":"product_tag","embeddable":true,"href":"https:\/\/oladeco.sn\/index.php\/wp-json\/wp\/v2\/product_tag?post=29895"}],"curies":[{"name":"wp","href":"https:\/\/api.w.org\/{rel}","templated":true}]}}