{"id":29889,"date":"2026-04-19T02:28:37","date_gmt":"2026-04-19T02:28:37","guid":{"rendered":"https:\/\/oladeco.sn\/index.php\/product\/carafe-en-verre\/"},"modified":"2026-04-19T03:52:38","modified_gmt":"2026-04-19T03:52:38","slug":"carafe-en-verre","status":"publish","type":"product","link":"https:\/\/oladeco.sn\/index.php\/product\/carafe-en-verre\/","title":{"rendered":"Carafe en verre Sardis"},"content":{"rendered":"<p>Carafe en verre<\/p>\n<p><span>1L<\/span><\/p>\n<p><span>caract\u00e9ris\u00e9e par une panse large et un col \u00e9troit, utilis\u00e9 pour servir l&rsquo;eau, le vin ou d&rsquo;autres boissons<\/span><\/p>\n<p>couleur : clair egrad\u00e9 bleu<\/p>\n","protected":false},"excerpt":{"rendered":"<p>Carafe en verre 1L caract\u00e9ris\u00e9e par une panse large et un col \u00e9troit, utilis\u00e9 pour servir l&rsquo;eau, le vin ou<\/p>\n","protected":false},"featured_media":29890,"template":"","meta":[],"product_brand":[],"product_cat":[78],"product_tag":[],"class_list":{"0":"post-29889","1":"product","2":"type-product","3":"status-publish","4":"has-post-thumbnail","6":"product_cat-vaisselle","8":"first","9":"instock","10":"shipping-taxable","11":"purchasable","12":"product-type-simple"},"_links":{"self":[{"href":"https:\/\/oladeco.sn\/index.php\/wp-json\/wp\/v2\/product\/29889","targetHints":{"allow":["GET"]}}],"collection":[{"href":"https:\/\/oladeco.sn\/index.php\/wp-json\/wp\/v2\/product"}],"about":[{"href":"https:\/\/oladeco.sn\/index.php\/wp-json\/wp\/v2\/types\/product"}],"version-history":[{"count":3,"href":"https:\/\/oladeco.sn\/index.php\/wp-json\/wp\/v2\/product\/29889\/revisions"}],"predecessor-version":[{"id":29915,"href":"https:\/\/oladeco.sn\/index.php\/wp-json\/wp\/v2\/product\/29889\/revisions\/29915"}],"wp:featuredmedia":[{"embeddable":true,"href":"https:\/\/oladeco.sn\/index.php\/wp-json\/wp\/v2\/media\/29890"}],"wp:attachment":[{"href":"https:\/\/oladeco.sn\/index.php\/wp-json\/wp\/v2\/media?parent=29889"}],"wp:term":[{"taxonomy":"product_brand","embeddable":true,"href":"https:\/\/oladeco.sn\/index.php\/wp-json\/wp\/v2\/product_brand?post=29889"},{"taxonomy":"product_cat","embeddable":true,"href":"https:\/\/oladeco.sn\/index.php\/wp-json\/wp\/v2\/product_cat?post=29889"},{"taxonomy":"product_tag","embeddable":true,"href":"https:\/\/oladeco.sn\/index.php\/wp-json\/wp\/v2\/product_tag?post=29889"}],"curies":[{"name":"wp","href":"https:\/\/api.w.org\/{rel}","templated":true}]}}