{"id":29817,"date":"2026-04-16T20:07:46","date_gmt":"2026-04-16T20:07:46","guid":{"rendered":"https:\/\/oladeco.sn\/?post_type=product&#038;p=29817"},"modified":"2026-04-16T20:09:10","modified_gmt":"2026-04-16T20:09:10","slug":"tandora-salon-en-veloute-gris-modele-angle-chic-doux-optimise","status":"publish","type":"product","link":"https:\/\/oladeco.sn\/index.php\/product\/tandora-salon-en-veloute-gris-modele-angle-chic-doux-optimise\/","title":{"rendered":"Tandora \u2013 Salon en velout\u00e9 gris, mod\u00e8le angle. Chic, doux, optimis\u00e9."},"content":{"rendered":"<p class=\"ds-markdown-paragraph\"><strong>Tandora<\/strong>\u00a0est un salon en\u00a0<strong>tissu velout\u00e9<\/strong>\u00a0d&rsquo;une \u00e9l\u00e9gance sobre et intemporelle. Sa teinte\u00a0<strong>gris<\/strong>\u00a0s&rsquo;int\u00e8gre avec douceur dans tous les int\u00e9rieurs, du plus moderne au plus classique.<\/p>\n<p class=\"ds-markdown-paragraph\">Son mod\u00e8le\u00a0<strong>angle<\/strong>\u00a0est id\u00e9al pour optimiser l&rsquo;espace tout en offrant un confort optimal. Parfait pour les\u00a0<strong>salons<\/strong>,\u00a0<strong>espaces r\u00e9ception<\/strong>,\u00a0<strong>h\u00f4tels<\/strong>,\u00a0<strong>bureaux design<\/strong>\u00a0ou\u00a0<strong>salons de coiffure<\/strong>, il allie esth\u00e9tique et fonctionnalit\u00e9.<\/p>\n<p class=\"ds-markdown-paragraph\"><strong>Caract\u00e9ristiques :<\/strong><\/p>\n<ul>\n<li>\n<p class=\"ds-markdown-paragraph\">Mati\u00e8re : Tissu velout\u00e9<\/p>\n<\/li>\n<li>\n<p class=\"ds-markdown-paragraph\">Couleur : Gris<\/p>\n<\/li>\n<li>\n<p class=\"ds-markdown-paragraph\">Mod\u00e8le : Angle<\/p>\n<\/li>\n<li>\n<p class=\"ds-markdown-paragraph\">Usage : salon, h\u00f4tel, r\u00e9ception, bureau, espace professionnel<\/p>\n<\/li>\n<li>\n<p class=\"ds-markdown-paragraph\">Style : moderne, chic, cosy<\/p>\n<\/li>\n<\/ul>\n<p class=\"ds-markdown-paragraph\"><strong>Conseil d&rsquo;entretien :<\/strong>\u00a0Nettoyer d\u00e9licatement avec un chiffon doux et sec ou un aspirateur avec brosse douce. \u00c9viter les liquides. Traitement anti-taches recommand\u00e9.<\/p>\n","protected":false},"excerpt":{"rendered":"<p><strong>Tandora<\/strong>\u00a0\u2013 Un salon en velout\u00e9 gris au mod\u00e8le angle. Doux, moderne et raffin\u00e9, il \u00e9pouse parfaitement les coins de votre pi\u00e8ce pour un rendu chic et cosy.<\/p>\n","protected":false},"featured_media":29818,"template":"","meta":[],"product_brand":[],"product_cat":[76],"product_tag":[],"class_list":{"0":"post-29817","1":"product","2":"type-product","3":"status-publish","4":"has-post-thumbnail","6":"product_cat-meubles","8":"first","9":"instock","10":"shipping-taxable","11":"purchasable","12":"product-type-simple"},"_links":{"self":[{"href":"https:\/\/oladeco.sn\/index.php\/wp-json\/wp\/v2\/product\/29817","targetHints":{"allow":["GET"]}}],"collection":[{"href":"https:\/\/oladeco.sn\/index.php\/wp-json\/wp\/v2\/product"}],"about":[{"href":"https:\/\/oladeco.sn\/index.php\/wp-json\/wp\/v2\/types\/product"}],"version-history":[{"count":1,"href":"https:\/\/oladeco.sn\/index.php\/wp-json\/wp\/v2\/product\/29817\/revisions"}],"predecessor-version":[{"id":29819,"href":"https:\/\/oladeco.sn\/index.php\/wp-json\/wp\/v2\/product\/29817\/revisions\/29819"}],"wp:featuredmedia":[{"embeddable":true,"href":"https:\/\/oladeco.sn\/index.php\/wp-json\/wp\/v2\/media\/29818"}],"wp:attachment":[{"href":"https:\/\/oladeco.sn\/index.php\/wp-json\/wp\/v2\/media?parent=29817"}],"wp:term":[{"taxonomy":"product_brand","embeddable":true,"href":"https:\/\/oladeco.sn\/index.php\/wp-json\/wp\/v2\/product_brand?post=29817"},{"taxonomy":"product_cat","embeddable":true,"href":"https:\/\/oladeco.sn\/index.php\/wp-json\/wp\/v2\/product_cat?post=29817"},{"taxonomy":"product_tag","embeddable":true,"href":"https:\/\/oladeco.sn\/index.php\/wp-json\/wp\/v2\/product_tag?post=29817"}],"curies":[{"name":"wp","href":"https:\/\/api.w.org\/{rel}","templated":true}]}}