{"id":29792,"date":"2026-04-16T19:25:58","date_gmt":"2026-04-16T19:25:58","guid":{"rendered":"https:\/\/oladeco.sn\/?post_type=product&#038;p=29792"},"modified":"2026-04-16T19:27:22","modified_gmt":"2026-04-16T19:27:22","slug":"motion-lustre-suspendu-led-moderne-design-economique","status":"publish","type":"product","link":"https:\/\/oladeco.sn\/index.php\/product\/motion-lustre-suspendu-led-moderne-design-economique\/","title":{"rendered":"Motion \u2013 Lustre suspendu LED. Moderne, design, \u00e9conomique."},"content":{"rendered":"<p class=\"ds-markdown-paragraph\"><strong>Motion<\/strong>\u00a0est un lustre suspendu contemporain qui apporte une lumi\u00e8re \u00e9l\u00e9gante et moderne \u00e0 votre int\u00e9rieur. Gr\u00e2ce \u00e0 sa technologie\u00a0<strong>LED<\/strong>, il offre un \u00e9clairage performant tout en consommant peu d&rsquo;\u00e9nergie.<\/p>\n<p class=\"ds-markdown-paragraph\">Parfait pour votre\u00a0<strong>salon<\/strong>, votre\u00a0<strong>salle \u00e0 manger<\/strong>, votre\u00a0<strong>entr\u00e9e<\/strong>, ou des espaces professionnels comme les\u00a0<strong>h\u00f4tels<\/strong>,\u00a0<strong>restaurants<\/strong>\u00a0ou\u00a0<strong>boutiques<\/strong>, il devient un v\u00e9ritable \u00e9l\u00e9ment d\u00e9coratif \u00e0 lui seul.<\/p>\n<p class=\"ds-markdown-paragraph\"><strong>Caract\u00e9ristiques :<\/strong><\/p>\n<ul>\n<li>\n<p class=\"ds-markdown-paragraph\">Type : Lustre suspendu<\/p>\n<\/li>\n<li>\n<p class=\"ds-markdown-paragraph\">\u00c9clairage : LED<\/p>\n<\/li>\n<li>\n<p class=\"ds-markdown-paragraph\">Usage : salon, salle \u00e0 manger, entr\u00e9e, h\u00f4tel, restaurant, boutique<\/p>\n<\/li>\n<li>\n<p class=\"ds-markdown-paragraph\">Style : moderne, \u00e9pur\u00e9, design<\/p>\n<\/li>\n<\/ul>\n<p class=\"ds-markdown-paragraph\"><strong>Conseil d&rsquo;entretien :<\/strong>\u00a0Nettoyer avec un chiffon doux et sec. \u00c9viter les produits liquides sur les parties \u00e9lectriques et les LED.<\/p>\n","protected":false},"excerpt":{"rendered":"<p><strong>Motion<\/strong>\u00a0\u2013 Un lustre suspendu moderne \u00e0 la technologie LED, alliant design \u00e9pur\u00e9 et \u00e9conomie d&rsquo;\u00e9nergie. Id\u00e9al pour \u00e9clairer votre int\u00e9rieur avec style.<\/p>\n","protected":false},"featured_media":29793,"template":"","meta":[],"product_brand":[],"product_cat":[18],"product_tag":[],"class_list":{"0":"post-29792","1":"product","2":"type-product","3":"status-publish","4":"has-post-thumbnail","6":"product_cat-uncategorized","8":"first","9":"instock","10":"shipping-taxable","11":"purchasable","12":"product-type-simple"},"_links":{"self":[{"href":"https:\/\/oladeco.sn\/index.php\/wp-json\/wp\/v2\/product\/29792","targetHints":{"allow":["GET"]}}],"collection":[{"href":"https:\/\/oladeco.sn\/index.php\/wp-json\/wp\/v2\/product"}],"about":[{"href":"https:\/\/oladeco.sn\/index.php\/wp-json\/wp\/v2\/types\/product"}],"version-history":[{"count":1,"href":"https:\/\/oladeco.sn\/index.php\/wp-json\/wp\/v2\/product\/29792\/revisions"}],"predecessor-version":[{"id":29798,"href":"https:\/\/oladeco.sn\/index.php\/wp-json\/wp\/v2\/product\/29792\/revisions\/29798"}],"wp:featuredmedia":[{"embeddable":true,"href":"https:\/\/oladeco.sn\/index.php\/wp-json\/wp\/v2\/media\/29793"}],"wp:attachment":[{"href":"https:\/\/oladeco.sn\/index.php\/wp-json\/wp\/v2\/media?parent=29792"}],"wp:term":[{"taxonomy":"product_brand","embeddable":true,"href":"https:\/\/oladeco.sn\/index.php\/wp-json\/wp\/v2\/product_brand?post=29792"},{"taxonomy":"product_cat","embeddable":true,"href":"https:\/\/oladeco.sn\/index.php\/wp-json\/wp\/v2\/product_cat?post=29792"},{"taxonomy":"product_tag","embeddable":true,"href":"https:\/\/oladeco.sn\/index.php\/wp-json\/wp\/v2\/product_tag?post=29792"}],"curies":[{"name":"wp","href":"https:\/\/api.w.org\/{rel}","templated":true}]}}