{"id":29780,"date":"2026-04-16T18:56:30","date_gmt":"2026-04-16T18:56:30","guid":{"rendered":"https:\/\/oladeco.sn\/?post_type=product&#038;p=29780"},"modified":"2026-04-16T18:56:30","modified_gmt":"2026-04-16T18:56:30","slug":"catherina-miroir-circulaire-epure-lumineux-intemporel","status":"publish","type":"product","link":"https:\/\/oladeco.sn\/index.php\/product\/catherina-miroir-circulaire-epure-lumineux-intemporel\/","title":{"rendered":"Catherina \u2013 Miroir circulaire. \u00c9pur\u00e9, lumineux, intemporel."},"content":{"rendered":"<p class=\"ds-markdown-paragraph\"><strong>Catherina<\/strong>\u00a0est un miroir mural \u00e0 la forme circulaire, intemporelle et \u00e9l\u00e9gante. Id\u00e9al pour agrandir visuellement une pi\u00e8ce, refl\u00e9ter la lumi\u00e8re naturelle et ajouter une touche de profondeur \u00e0 votre d\u00e9coration.<\/p>\n<p class=\"ds-markdown-paragraph\">Parfait dans une entr\u00e9e, un salon, une chambre ou m\u00eame un espace professionnel (bureau, salon de coiffure, h\u00f4tel, restaurant), il s\u2019int\u00e8gre aussi bien dans un int\u00e9rieur moderne que classique.<\/p>\n<p class=\"ds-markdown-paragraph\"><strong>Caract\u00e9ristiques :<\/strong><\/p>\n<ul>\n<li>\n<p class=\"ds-markdown-paragraph\">Forme : circulaire<\/p>\n<\/li>\n<li>\n<p class=\"ds-markdown-paragraph\">Type : miroir mural<\/p>\n<\/li>\n<li>\n<p class=\"ds-markdown-paragraph\">Usage : salon, chambre, entr\u00e9e, bureau, espace professionnel<\/p>\n<\/li>\n<li>\n<p class=\"ds-markdown-paragraph\">Style : \u00e9pur\u00e9, intemporel, \u00e9l\u00e9gant<\/p>\n<\/li>\n<\/ul>\n<p class=\"ds-markdown-paragraph\"><strong>Conseil d\u2019entretien :<\/strong>\u00a0Nettoyer avec un chiffon doux et un produit adapt\u00e9 pour vitres. \u00c9viter les produits abrasifs.<\/p>\n","protected":false},"excerpt":{"rendered":"<p><strong>Catherina<\/strong>\u00a0\u2013 Un miroir circulaire au design \u00e9pur\u00e9 qui agrandit votre espace et apporte de la lumi\u00e8re \u00e0 votre int\u00e9rieur.<\/p>\n","protected":false},"featured_media":29781,"template":"","meta":[],"product_brand":[],"product_cat":[77],"product_tag":[],"class_list":{"0":"post-29780","1":"product","2":"type-product","3":"status-publish","4":"has-post-thumbnail","6":"product_cat-decoration","8":"first","9":"instock","10":"shipping-taxable","11":"purchasable","12":"product-type-simple"},"_links":{"self":[{"href":"https:\/\/oladeco.sn\/index.php\/wp-json\/wp\/v2\/product\/29780","targetHints":{"allow":["GET"]}}],"collection":[{"href":"https:\/\/oladeco.sn\/index.php\/wp-json\/wp\/v2\/product"}],"about":[{"href":"https:\/\/oladeco.sn\/index.php\/wp-json\/wp\/v2\/types\/product"}],"version-history":[{"count":1,"href":"https:\/\/oladeco.sn\/index.php\/wp-json\/wp\/v2\/product\/29780\/revisions"}],"predecessor-version":[{"id":29782,"href":"https:\/\/oladeco.sn\/index.php\/wp-json\/wp\/v2\/product\/29780\/revisions\/29782"}],"wp:featuredmedia":[{"embeddable":true,"href":"https:\/\/oladeco.sn\/index.php\/wp-json\/wp\/v2\/media\/29781"}],"wp:attachment":[{"href":"https:\/\/oladeco.sn\/index.php\/wp-json\/wp\/v2\/media?parent=29780"}],"wp:term":[{"taxonomy":"product_brand","embeddable":true,"href":"https:\/\/oladeco.sn\/index.php\/wp-json\/wp\/v2\/product_brand?post=29780"},{"taxonomy":"product_cat","embeddable":true,"href":"https:\/\/oladeco.sn\/index.php\/wp-json\/wp\/v2\/product_cat?post=29780"},{"taxonomy":"product_tag","embeddable":true,"href":"https:\/\/oladeco.sn\/index.php\/wp-json\/wp\/v2\/product_tag?post=29780"}],"curies":[{"name":"wp","href":"https:\/\/api.w.org\/{rel}","templated":true}]}}