{"id":29304,"date":"2026-04-10T19:51:40","date_gmt":"2026-04-10T19:51:40","guid":{"rendered":"https:\/\/oladeco.sn\/?post_type=product&#038;p=29304"},"modified":"2026-04-17T01:27:03","modified_gmt":"2026-04-17T01:27:03","slug":"ensemble-4-serviettes-hamam-4","status":"publish","type":"product","link":"https:\/\/oladeco.sn\/index.php\/product\/ensemble-4-serviettes-hamam-4\/","title":{"rendered":"Ensemble 4 serviettes Hamam"},"content":{"rendered":"<div class=\"ds-message _63c77b1\">\n<div class=\"ds-markdown\">\n<p class=\"ds-markdown-paragraph\">L&rsquo;ensemble de serviettes Hamam allie fonctionnalit\u00e9 et esth\u00e9tique. Compos\u00e9 de 4 pi\u00e8ces (2 serviettes moyennes et 2 serviettes petites), il r\u00e9pond \u00e0 tous vos besoins quotidiens.<\/p>\n<p class=\"ds-markdown-paragraph\">Dans une \u00e9l\u00e9gante association de jaune et vert olive \u00e0 motifs, ces serviettes apportent une touche de chaleur et de nature \u00e0 votre salle de bain. Leur design inspir\u00e9 des traditions du hammam les rend aussi d\u00e9coratives qu&rsquo;utiles.<\/p>\n<p class=\"ds-markdown-paragraph\">Polyvalentes, elles vous accompagneront aussi bien \u00e0 la maison qu&rsquo;\u00e0 la plage, \u00e0 la piscine ou au spa.<\/p>\n<p class=\"ds-markdown-paragraph\"><strong>Caract\u00e9ristiques techniques :<\/strong><\/p>\n<ul>\n<li>\n<p class=\"ds-markdown-paragraph\">Nom du produit : Hamam<\/p>\n<\/li>\n<li>\n<p class=\"ds-markdown-paragraph\">Type : Ensemble de serviettes<\/p>\n<\/li>\n<li>\n<p class=\"ds-markdown-paragraph\">Nombre de pi\u00e8ces : 4<\/p>\n<\/li>\n<li>\n<p class=\"ds-markdown-paragraph\">Composition : 2 serviettes moyennes + 2 serviettes petites<\/p>\n<\/li>\n<li>\n<p class=\"ds-markdown-paragraph\">Couleur : Jaune et vert olive \u00e0 motifs<\/p>\n<\/li>\n<\/ul>\n<p class=\"ds-markdown-paragraph\"><strong>Utilisations recommand\u00e9es :<\/strong><\/p>\n<ul>\n<li>\n<p class=\"ds-markdown-paragraph\">Salle de bain<\/p>\n<\/li>\n<li>\n<p class=\"ds-markdown-paragraph\">Hammam \/ Spa<\/p>\n<\/li>\n<li>\n<p class=\"ds-markdown-paragraph\">Plage \/ Piscine<\/p>\n<\/li>\n<li>\n<p class=\"ds-markdown-paragraph\">Voyage<\/p>\n<\/li>\n<\/ul>\n<hr \/>\n<p class=\"ds-markdown-paragraph\">\n<\/div>\n<\/div>\n<div class=\"ds-theme\"><\/div>\n<div class=\"ds-flex _0a3d93b\">\n<div class=\"ds-flex _965abe9 _54866f7\">\n<div class=\"db183363 ds-icon-button ds-icon-button--m ds-icon-button--sizing-container\" tabindex=\"0\" role=\"button\" aria-disabled=\"false\">\n<div class=\"ds-icon-button__hover-bg\"><\/div>\n<div class=\"ds-icon\"><\/div>\n<\/div>\n<\/div>\n<\/div>\n","protected":false},"excerpt":{"rendered":"<p>Ensemble 4 serviettes Hamam. Composition : 2 moyennes et 2 petites. Couleur jaune et vert olive \u00e0 motifs. Id\u00e9al pour la salle de bain, la plage ou le hammam.<\/p>\n","protected":false},"featured_media":29845,"template":"","meta":[],"product_brand":[],"product_cat":[80],"product_tag":[],"class_list":{"0":"post-29304","1":"product","2":"type-product","3":"status-publish","4":"has-post-thumbnail","6":"product_cat-linge-de-maison","8":"first","9":"instock","10":"shipping-taxable","11":"purchasable","12":"product-type-simple"},"_links":{"self":[{"href":"https:\/\/oladeco.sn\/index.php\/wp-json\/wp\/v2\/product\/29304","targetHints":{"allow":["GET"]}}],"collection":[{"href":"https:\/\/oladeco.sn\/index.php\/wp-json\/wp\/v2\/product"}],"about":[{"href":"https:\/\/oladeco.sn\/index.php\/wp-json\/wp\/v2\/types\/product"}],"version-history":[{"count":1,"href":"https:\/\/oladeco.sn\/index.php\/wp-json\/wp\/v2\/product\/29304\/revisions"}],"predecessor-version":[{"id":29306,"href":"https:\/\/oladeco.sn\/index.php\/wp-json\/wp\/v2\/product\/29304\/revisions\/29306"}],"wp:featuredmedia":[{"embeddable":true,"href":"https:\/\/oladeco.sn\/index.php\/wp-json\/wp\/v2\/media\/29845"}],"wp:attachment":[{"href":"https:\/\/oladeco.sn\/index.php\/wp-json\/wp\/v2\/media?parent=29304"}],"wp:term":[{"taxonomy":"product_brand","embeddable":true,"href":"https:\/\/oladeco.sn\/index.php\/wp-json\/wp\/v2\/product_brand?post=29304"},{"taxonomy":"product_cat","embeddable":true,"href":"https:\/\/oladeco.sn\/index.php\/wp-json\/wp\/v2\/product_cat?post=29304"},{"taxonomy":"product_tag","embeddable":true,"href":"https:\/\/oladeco.sn\/index.php\/wp-json\/wp\/v2\/product_tag?post=29304"}],"curies":[{"name":"wp","href":"https:\/\/api.w.org\/{rel}","templated":true}]}}